{"id":21,"date":"2022-09-19T09:51:48","date_gmt":"2022-09-19T09:51:48","guid":{"rendered":"https:\/\/canaanid.com\/?page_id=21"},"modified":"2022-09-23T09:41:08","modified_gmt":"2022-09-23T09:41:08","slug":"isquemia-biotech","status":"publish","type":"page","link":"https:\/\/canaanid.com\/index.php\/isquemia-biotech\/","title":{"rendered":"ISQUAEMIA"},"content":{"rendered":"\t\t<div data-elementor-type=\"wp-page\" data-elementor-id=\"21\" class=\"elementor elementor-21\" data-elementor-post-type=\"page\">\n\t\t\t\t\t\t<section class=\"elementor-section elementor-top-section elementor-element elementor-element-c5d7c55 elementor-section-boxed elementor-section-height-default elementor-section-height-default\" data-id=\"c5d7c55\" data-element_type=\"section\">\n\t\t\t\t\t\t<div class=\"elementor-container elementor-column-gap-default\">\n\t\t\t\t\t<div class=\"elementor-column elementor-col-100 elementor-top-column elementor-element elementor-element-bbdd972\" data-id=\"bbdd972\" data-element_type=\"column\">\n\t\t\t<div class=\"elementor-widget-wrap elementor-element-populated\">\n\t\t\t\t\t\t<div class=\"elementor-element elementor-element-96ac3f0 elementor-invisible elementor-widget elementor-widget-image\" data-id=\"96ac3f0\" data-element_type=\"widget\" data-settings=\"{&quot;_animation&quot;:&quot;tada&quot;}\" data-widget_type=\"image.default\">\n\t\t\t\t<div class=\"elementor-widget-container\">\n\t\t\t\t\t\t\t\t\t\t\t\t\t\t\t<img decoding=\"async\" width=\"251\" height=\"69\" src=\"https:\/\/canaanid.com\/wp-content\/uploads\/2022\/09\/isquemia.png\" class=\"attachment-large size-large wp-image-102\" alt=\"\" \/>\t\t\t\t\t\t\t\t\t\t\t\t\t\t\t<\/div>\n\t\t\t\t<\/div>\n\t\t\t\t\t<\/div>\n\t\t<\/div>\n\t\t\t\t\t<\/div>\n\t\t<\/section>\n\t\t\t\t<section class=\"elementor-section elementor-top-section elementor-element elementor-element-14d2338 elementor-hidden-desktop elementor-hidden-tablet elementor-section-boxed elementor-section-height-default elementor-section-height-default\" data-id=\"14d2338\" data-element_type=\"section\">\n\t\t\t\t\t\t<div class=\"elementor-container elementor-column-gap-default\">\n\t\t\t\t\t<div class=\"elementor-column elementor-col-25 elementor-top-column elementor-element elementor-element-178df07\" data-id=\"178df07\" data-element_type=\"column\">\n\t\t\t<div class=\"elementor-widget-wrap elementor-element-populated\">\n\t\t\t\t\t\t<div class=\"elementor-element elementor-element-e8ae48e elementor-widget elementor-widget-spacer\" data-id=\"e8ae48e\" data-element_type=\"widget\" data-widget_type=\"spacer.default\">\n\t\t\t\t<div class=\"elementor-widget-container\">\n\t\t\t\t\t\t\t<div class=\"elementor-spacer\">\n\t\t\t<div class=\"elementor-spacer-inner\"><\/div>\n\t\t<\/div>\n\t\t\t\t\t\t<\/div>\n\t\t\t\t<\/div>\n\t\t\t\t\t<\/div>\n\t\t<\/div>\n\t\t\t\t<div class=\"elementor-column elementor-col-25 elementor-top-column elementor-element elementor-element-de2d9fb\" data-id=\"de2d9fb\" data-element_type=\"column\">\n\t\t\t<div class=\"elementor-widget-wrap elementor-element-populated\">\n\t\t\t\t\t\t<div class=\"elementor-element elementor-element-2e8f49c elementor-widget elementor-widget-image\" data-id=\"2e8f49c\" data-element_type=\"widget\" data-widget_type=\"image.default\">\n\t\t\t\t<div class=\"elementor-widget-container\">\n\t\t\t\t\t\t\t\t\t\t\t\t\t\t\t<img fetchpriority=\"high\" decoding=\"async\" width=\"683\" height=\"1024\" src=\"https:\/\/canaanid.com\/wp-content\/uploads\/2022\/09\/pexels-anna-shvets-4226139-683x1024.jpg\" class=\"attachment-large size-large wp-image-896\" alt=\"\" srcset=\"https:\/\/canaanid.com\/wp-content\/uploads\/2022\/09\/pexels-anna-shvets-4226139-683x1024.jpg 683w, https:\/\/canaanid.com\/wp-content\/uploads\/2022\/09\/pexels-anna-shvets-4226139-200x300.jpg 200w, https:\/\/canaanid.com\/wp-content\/uploads\/2022\/09\/pexels-anna-shvets-4226139-768x1152.jpg 768w, https:\/\/canaanid.com\/wp-content\/uploads\/2022\/09\/pexels-anna-shvets-4226139-1024x1536.jpg 1024w, https:\/\/canaanid.com\/wp-content\/uploads\/2022\/09\/pexels-anna-shvets-4226139-1365x2048.jpg 1365w, https:\/\/canaanid.com\/wp-content\/uploads\/2022\/09\/pexels-anna-shvets-4226139-scaled.jpg 1707w\" sizes=\"(max-width: 683px) 100vw, 683px\" \/>\t\t\t\t\t\t\t\t\t\t\t\t\t\t\t<\/div>\n\t\t\t\t<\/div>\n\t\t\t\t\t<\/div>\n\t\t<\/div>\n\t\t\t\t<div class=\"elementor-column elementor-col-25 elementor-top-column elementor-element elementor-element-30c4938\" data-id=\"30c4938\" data-element_type=\"column\">\n\t\t\t<div class=\"elementor-widget-wrap elementor-element-populated\">\n\t\t\t\t\t\t<div class=\"elementor-element elementor-element-aead388 elementor-widget elementor-widget-heading\" data-id=\"aead388\" data-element_type=\"widget\" data-widget_type=\"heading.default\">\n\t\t\t\t<div class=\"elementor-widget-container\">\n\t\t\t\t\t<h5 class=\"elementor-heading-title elementor-size-default\">ISQUAEMIA BIOTECH es una empresa biotecnol\u00f3gica dirigida al desarrollo de nuevas soluciones farmacol\u00f3gicas para enfermedades vasculares y del Sistema Nervioso Central.<\/h5>\t\t\t\t<\/div>\n\t\t\t\t<\/div>\n\t\t\t\t\t<\/div>\n\t\t<\/div>\n\t\t\t\t<div class=\"elementor-column elementor-col-25 elementor-top-column elementor-element elementor-element-a48a1da\" data-id=\"a48a1da\" data-element_type=\"column\">\n\t\t\t<div class=\"elementor-widget-wrap\">\n\t\t\t\t\t\t\t<\/div>\n\t\t<\/div>\n\t\t\t\t\t<\/div>\n\t\t<\/section>\n\t\t\t\t<section class=\"elementor-section elementor-top-section elementor-element elementor-element-4d05268 elementor-hidden-mobile elementor-section-boxed elementor-section-height-default elementor-section-height-default\" data-id=\"4d05268\" data-element_type=\"section\">\n\t\t\t\t\t\t<div class=\"elementor-container elementor-column-gap-default\">\n\t\t\t\t\t<div class=\"elementor-column elementor-col-25 elementor-top-column elementor-element elementor-element-6e9aa3b\" data-id=\"6e9aa3b\" data-element_type=\"column\">\n\t\t\t<div class=\"elementor-widget-wrap\">\n\t\t\t\t\t\t\t<\/div>\n\t\t<\/div>\n\t\t\t\t<div class=\"elementor-column elementor-col-25 elementor-top-column elementor-element elementor-element-567d66e\" data-id=\"567d66e\" data-element_type=\"column\">\n\t\t\t<div class=\"elementor-widget-wrap elementor-element-populated\">\n\t\t\t\t\t\t<div class=\"elementor-element elementor-element-76a46a9 elementor-widget elementor-widget-image\" data-id=\"76a46a9\" data-element_type=\"widget\" data-widget_type=\"image.default\">\n\t\t\t\t<div class=\"elementor-widget-container\">\n\t\t\t\t\t\t\t\t\t\t\t\t\t\t\t<img fetchpriority=\"high\" decoding=\"async\" width=\"683\" height=\"1024\" src=\"https:\/\/canaanid.com\/wp-content\/uploads\/2022\/09\/pexels-anna-shvets-4226139-683x1024.jpg\" class=\"attachment-large size-large wp-image-896\" alt=\"\" srcset=\"https:\/\/canaanid.com\/wp-content\/uploads\/2022\/09\/pexels-anna-shvets-4226139-683x1024.jpg 683w, https:\/\/canaanid.com\/wp-content\/uploads\/2022\/09\/pexels-anna-shvets-4226139-200x300.jpg 200w, https:\/\/canaanid.com\/wp-content\/uploads\/2022\/09\/pexels-anna-shvets-4226139-768x1152.jpg 768w, https:\/\/canaanid.com\/wp-content\/uploads\/2022\/09\/pexels-anna-shvets-4226139-1024x1536.jpg 1024w, https:\/\/canaanid.com\/wp-content\/uploads\/2022\/09\/pexels-anna-shvets-4226139-1365x2048.jpg 1365w, https:\/\/canaanid.com\/wp-content\/uploads\/2022\/09\/pexels-anna-shvets-4226139-scaled.jpg 1707w\" sizes=\"(max-width: 683px) 100vw, 683px\" \/>\t\t\t\t\t\t\t\t\t\t\t\t\t\t\t<\/div>\n\t\t\t\t<\/div>\n\t\t\t\t\t<\/div>\n\t\t<\/div>\n\t\t\t\t<div class=\"elementor-column elementor-col-25 elementor-top-column elementor-element elementor-element-9456d16\" data-id=\"9456d16\" data-element_type=\"column\">\n\t\t\t<div class=\"elementor-widget-wrap elementor-element-populated\">\n\t\t\t\t\t\t<div class=\"elementor-element elementor-element-fb7c043 elementor-widget elementor-widget-spacer\" data-id=\"fb7c043\" data-element_type=\"widget\" data-widget_type=\"spacer.default\">\n\t\t\t\t<div class=\"elementor-widget-container\">\n\t\t\t\t\t\t\t<div class=\"elementor-spacer\">\n\t\t\t<div class=\"elementor-spacer-inner\"><\/div>\n\t\t<\/div>\n\t\t\t\t\t\t<\/div>\n\t\t\t\t<\/div>\n\t\t\t\t<div class=\"elementor-element elementor-element-9b851de elementor-widget elementor-widget-heading\" data-id=\"9b851de\" data-element_type=\"widget\" data-widget_type=\"heading.default\">\n\t\t\t\t<div class=\"elementor-widget-container\">\n\t\t\t\t\t<h5 class=\"elementor-heading-title elementor-size-default\">ISQUAEMIA BIOTECH es una empresa biotecnol\u00f3gica dirigida al desarrollo de nuevas soluciones farmacol\u00f3gicas para enfermedades vasculares y del Sistema Nervioso Central.<\/h5>\t\t\t\t<\/div>\n\t\t\t\t<\/div>\n\t\t\t\t\t<\/div>\n\t\t<\/div>\n\t\t\t\t<div class=\"elementor-column elementor-col-25 elementor-top-column elementor-element elementor-element-b9889bb\" data-id=\"b9889bb\" data-element_type=\"column\">\n\t\t\t<div class=\"elementor-widget-wrap\">\n\t\t\t\t\t\t\t<\/div>\n\t\t<\/div>\n\t\t\t\t\t<\/div>\n\t\t<\/section>\n\t\t\t\t<section class=\"elementor-section elementor-top-section elementor-element elementor-element-904861c elementor-section-boxed elementor-section-height-default elementor-section-height-default\" data-id=\"904861c\" data-element_type=\"section\">\n\t\t\t\t\t\t<div class=\"elementor-container elementor-column-gap-default\">\n\t\t\t\t\t<div class=\"elementor-column elementor-col-100 elementor-top-column elementor-element elementor-element-4471d57\" data-id=\"4471d57\" data-element_type=\"column\">\n\t\t\t<div class=\"elementor-widget-wrap elementor-element-populated\">\n\t\t\t\t\t\t<div class=\"elementor-element elementor-element-f007a4b elementor-widget elementor-widget-heading\" data-id=\"f007a4b\" data-element_type=\"widget\" data-widget_type=\"heading.default\">\n\t\t\t\t<div class=\"elementor-widget-container\">\n\t\t\t\t\t<h2 class=\"elementor-heading-title elementor-size-default\">DOS GRANDES FAMILIAS DE COMPUESTOS<\/h2>\t\t\t\t<\/div>\n\t\t\t\t<\/div>\n\t\t\t\t\t<\/div>\n\t\t<\/div>\n\t\t\t\t\t<\/div>\n\t\t<\/section>\n\t\t\t\t<section class=\"elementor-section elementor-top-section elementor-element elementor-element-6cf4c3c elementor-section-boxed elementor-section-height-default elementor-section-height-default elementor-invisible\" data-id=\"6cf4c3c\" data-element_type=\"section\" data-settings=\"{&quot;animation&quot;:&quot;pulse&quot;}\">\n\t\t\t\t\t\t<div class=\"elementor-container elementor-column-gap-default\">\n\t\t\t\t\t<div class=\"elementor-column elementor-col-50 elementor-top-column elementor-element elementor-element-d5126a6\" data-id=\"d5126a6\" data-element_type=\"column\">\n\t\t\t<div class=\"elementor-widget-wrap elementor-element-populated\">\n\t\t\t\t\t\t<div class=\"elementor-element elementor-element-25360a8 elementor-position-top elementor-widget elementor-widget-image-box\" data-id=\"25360a8\" data-element_type=\"widget\" data-widget_type=\"image-box.default\">\n\t\t\t\t<div class=\"elementor-widget-container\">\n\t\t\t\t\t<div class=\"elementor-image-box-wrapper\"><figure class=\"elementor-image-box-img\"><img decoding=\"async\" width=\"1080\" height=\"1080\" src=\"https:\/\/canaanid.com\/wp-content\/uploads\/2022\/09\/16.png\" class=\"attachment-full size-full wp-image-109\" alt=\"\" srcset=\"https:\/\/canaanid.com\/wp-content\/uploads\/2022\/09\/16.png 1080w, https:\/\/canaanid.com\/wp-content\/uploads\/2022\/09\/16-300x300.png 300w, https:\/\/canaanid.com\/wp-content\/uploads\/2022\/09\/16-1024x1024.png 1024w, https:\/\/canaanid.com\/wp-content\/uploads\/2022\/09\/16-150x150.png 150w, https:\/\/canaanid.com\/wp-content\/uploads\/2022\/09\/16-768x768.png 768w\" sizes=\"(max-width: 1080px) 100vw, 1080px\" \/><\/figure><div class=\"elementor-image-box-content\"><h3 class=\"elementor-image-box-title\">ESTERONITRONAS<\/h3><p class=\"elementor-image-box-description\">Compuestos antioxidantes y con efecto neuroprotector para el tratamiento del ictus y Enfermedades Neurodegenerativas.<\/p><\/div><\/div>\t\t\t\t<\/div>\n\t\t\t\t<\/div>\n\t\t\t\t\t<\/div>\n\t\t<\/div>\n\t\t\t\t<div class=\"elementor-column elementor-col-50 elementor-top-column elementor-element elementor-element-89cfe6e\" data-id=\"89cfe6e\" data-element_type=\"column\">\n\t\t\t<div class=\"elementor-widget-wrap elementor-element-populated\">\n\t\t\t\t\t\t<div class=\"elementor-element elementor-element-3187439 elementor-position-top elementor-widget elementor-widget-image-box\" data-id=\"3187439\" data-element_type=\"widget\" data-widget_type=\"image-box.default\">\n\t\t\t\t<div class=\"elementor-widget-container\">\n\t\t\t\t\t<div class=\"elementor-image-box-wrapper\"><figure class=\"elementor-image-box-img\"><img loading=\"lazy\" decoding=\"async\" width=\"1080\" height=\"1080\" src=\"https:\/\/canaanid.com\/wp-content\/uploads\/2022\/09\/WEB-DISENOS-IMAGENES-3.png\" class=\"attachment-full size-full wp-image-415\" alt=\"\" srcset=\"https:\/\/canaanid.com\/wp-content\/uploads\/2022\/09\/WEB-DISENOS-IMAGENES-3.png 1080w, https:\/\/canaanid.com\/wp-content\/uploads\/2022\/09\/WEB-DISENOS-IMAGENES-3-300x300.png 300w, https:\/\/canaanid.com\/wp-content\/uploads\/2022\/09\/WEB-DISENOS-IMAGENES-3-1024x1024.png 1024w, https:\/\/canaanid.com\/wp-content\/uploads\/2022\/09\/WEB-DISENOS-IMAGENES-3-150x150.png 150w, https:\/\/canaanid.com\/wp-content\/uploads\/2022\/09\/WEB-DISENOS-IMAGENES-3-768x768.png 768w\" sizes=\"(max-width: 1080px) 100vw, 1080px\" \/><\/figure><div class=\"elementor-image-box-content\"><h3 class=\"elementor-image-box-title\">P\u00c9PTIDOS MIM\u00c9TICOS <\/h3><p class=\"elementor-image-box-description\">P\u00e9ptido supresor de prote\u00ednas de se\u00f1alizaci\u00f3n de citoquinas SOCS1 para Enfermedades Vasculares, como la nefropat\u00eda diab\u00e9tica o aterosclerosis.<\/p><\/div><\/div>\t\t\t\t<\/div>\n\t\t\t\t<\/div>\n\t\t\t\t\t<\/div>\n\t\t<\/div>\n\t\t\t\t\t<\/div>\n\t\t<\/section>\n\t\t\t\t<section class=\"elementor-section elementor-top-section elementor-element elementor-element-d7fbea6 elementor-section-boxed elementor-section-height-default elementor-section-height-default\" data-id=\"d7fbea6\" data-element_type=\"section\">\n\t\t\t\t\t\t<div class=\"elementor-container elementor-column-gap-default\">\n\t\t\t\t\t<div class=\"elementor-column elementor-col-100 elementor-top-column elementor-element elementor-element-fd23d2b\" data-id=\"fd23d2b\" data-element_type=\"column\">\n\t\t\t<div class=\"elementor-widget-wrap elementor-element-populated\">\n\t\t\t\t\t\t<div class=\"elementor-element elementor-element-9833369 elementor-widget elementor-widget-spacer\" data-id=\"9833369\" data-element_type=\"widget\" data-widget_type=\"spacer.default\">\n\t\t\t\t<div class=\"elementor-widget-container\">\n\t\t\t\t\t\t\t<div class=\"elementor-spacer\">\n\t\t\t<div class=\"elementor-spacer-inner\"><\/div>\n\t\t<\/div>\n\t\t\t\t\t\t<\/div>\n\t\t\t\t<\/div>\n\t\t\t\t<div class=\"elementor-element elementor-element-f1508b7 elementor-widget elementor-widget-heading\" data-id=\"f1508b7\" data-element_type=\"widget\" data-widget_type=\"heading.default\">\n\t\t\t\t<div class=\"elementor-widget-container\">\n\t\t\t\t\t<h2 class=\"elementor-heading-title elementor-size-default\">PIPELINE<\/h2>\t\t\t\t<\/div>\n\t\t\t\t<\/div>\n\t\t\t\t\t<\/div>\n\t\t<\/div>\n\t\t\t\t\t<\/div>\n\t\t<\/section>\n\t\t\t\t<section class=\"elementor-section elementor-top-section elementor-element elementor-element-374eef1 elementor-section-boxed elementor-section-height-default elementor-section-height-default\" data-id=\"374eef1\" data-element_type=\"section\">\n\t\t\t\t\t\t<div class=\"elementor-container elementor-column-gap-default\">\n\t\t\t\t\t<div class=\"elementor-column elementor-col-100 elementor-top-column elementor-element elementor-element-e89b8e5\" data-id=\"e89b8e5\" data-element_type=\"column\">\n\t\t\t<div class=\"elementor-widget-wrap elementor-element-populated\">\n\t\t\t\t\t\t<div class=\"elementor-element elementor-element-7c9968d elementor-widget elementor-widget-progress\" data-id=\"7c9968d\" data-element_type=\"widget\" data-widget_type=\"progress.default\">\n\t\t\t\t<div class=\"elementor-widget-container\">\n\t\t\t\t\t\t\t\t<span class=\"elementor-title\" id=\"elementor-progress-bar-7c9968d\">\n\t\t\t\tIctus Isqu\u00e9mico Agudo ISQ-201\t\t\t<\/span>\n\t\t\n\t\t<div aria-labelledby=\"elementor-progress-bar-7c9968d\" class=\"elementor-progress-wrapper\" role=\"progressbar\" aria-valuemin=\"0\" aria-valuemax=\"100\" aria-valuenow=\"50\" aria-valuetext=\"50% (Ensayos en precl\u00ednica regulatoria)\">\n\t\t\t<div class=\"elementor-progress-bar\" data-max=\"50\">\n\t\t\t\t<span class=\"elementor-progress-text\">Ensayos en precl\u00ednica regulatoria<\/span>\n\t\t\t\t\t\t\t<\/div>\n\t\t<\/div>\n\t\t\t\t\t\t<\/div>\n\t\t\t\t<\/div>\n\t\t\t\t<div class=\"elementor-element elementor-element-0a63bb1 elementor-widget elementor-widget-progress\" data-id=\"0a63bb1\" data-element_type=\"widget\" data-widget_type=\"progress.default\">\n\t\t\t\t<div class=\"elementor-widget-container\">\n\t\t\t\t\t\t\t\t<span class=\"elementor-title\" id=\"elementor-progress-bar-0a63bb1\">\n\t\t\t\tIsquemia Permanente ISQ-201\t\t\t<\/span>\n\t\t\n\t\t<div aria-labelledby=\"elementor-progress-bar-0a63bb1\" class=\"elementor-progress-wrapper\" role=\"progressbar\" aria-valuemin=\"0\" aria-valuemax=\"100\" aria-valuenow=\"50\" aria-valuetext=\"50% (Ensayos en precl\u00ednica regulatoria)\">\n\t\t\t<div class=\"elementor-progress-bar\" data-max=\"50\">\n\t\t\t\t<span class=\"elementor-progress-text\">Ensayos en precl\u00ednica regulatoria<\/span>\n\t\t\t\t\t\t\t<\/div>\n\t\t<\/div>\n\t\t\t\t\t\t<\/div>\n\t\t\t\t<\/div>\n\t\t\t\t<div class=\"elementor-element elementor-element-8f99357 elementor-widget elementor-widget-progress\" data-id=\"8f99357\" data-element_type=\"widget\" data-widget_type=\"progress.default\">\n\t\t\t\t<div class=\"elementor-widget-container\">\n\t\t\t\t\t\t\t\t<span class=\"elementor-title\" id=\"elementor-progress-bar-8f99357\">\n\t\t\t\tELA, Demencia ISQ-201\t\t\t<\/span>\n\t\t\n\t\t<div aria-labelledby=\"elementor-progress-bar-8f99357\" class=\"elementor-progress-wrapper\" role=\"progressbar\" aria-valuemin=\"0\" aria-valuemax=\"100\" aria-valuenow=\"50\" aria-valuetext=\"50% (Ensayos en precl\u00ednica regulatoria)\">\n\t\t\t<div class=\"elementor-progress-bar\" data-max=\"50\">\n\t\t\t\t<span class=\"elementor-progress-text\">Ensayos en precl\u00ednica regulatoria<\/span>\n\t\t\t\t\t\t\t<\/div>\n\t\t<\/div>\n\t\t\t\t\t\t<\/div>\n\t\t\t\t<\/div>\n\t\t\t\t<div class=\"elementor-element elementor-element-5e410a6 elementor-widget elementor-widget-progress\" data-id=\"5e410a6\" data-element_type=\"widget\" data-widget_type=\"progress.default\">\n\t\t\t\t<div class=\"elementor-widget-container\">\n\t\t\t\t\t\t\t\t<span class=\"elementor-title\" id=\"elementor-progress-bar-5e410a6\">\n\t\t\t\tIctus Isqu\u00e9mico Agudo ISQ-202\t\t\t<\/span>\n\t\t\n\t\t<div aria-labelledby=\"elementor-progress-bar-5e410a6\" class=\"elementor-progress-wrapper\" role=\"progressbar\" aria-valuemin=\"0\" aria-valuemax=\"100\" aria-valuenow=\"26\" aria-valuetext=\"26% (Validaci\u00f3n precl\u00ednica)\">\n\t\t\t<div class=\"elementor-progress-bar\" data-max=\"26\">\n\t\t\t\t<span class=\"elementor-progress-text\">Validaci\u00f3n precl\u00ednica<\/span>\n\t\t\t\t\t\t\t<\/div>\n\t\t<\/div>\n\t\t\t\t\t\t<\/div>\n\t\t\t\t<\/div>\n\t\t\t\t<div class=\"elementor-element elementor-element-248f51c elementor-widget elementor-widget-progress\" data-id=\"248f51c\" data-element_type=\"widget\" data-widget_type=\"progress.default\">\n\t\t\t\t<div class=\"elementor-widget-container\">\n\t\t\t\t\t\t\t\t<span class=\"elementor-title\" id=\"elementor-progress-bar-248f51c\">\n\t\t\t\tRetinopat\u00eda diab\u00e9tica ISQ-203\t\t\t<\/span>\n\t\t\n\t\t<div aria-labelledby=\"elementor-progress-bar-248f51c\" class=\"elementor-progress-wrapper\" role=\"progressbar\" aria-valuemin=\"0\" aria-valuemax=\"100\" aria-valuenow=\"36\" aria-valuetext=\"36% (Validaci\u00f3n precl\u00ednica)\">\n\t\t\t<div class=\"elementor-progress-bar\" data-max=\"36\">\n\t\t\t\t<span class=\"elementor-progress-text\">Validaci\u00f3n precl\u00ednica<\/span>\n\t\t\t\t\t\t\t<\/div>\n\t\t<\/div>\n\t\t\t\t\t\t<\/div>\n\t\t\t\t<\/div>\n\t\t\t\t<div class=\"elementor-element elementor-element-305f4d2 elementor-widget elementor-widget-progress\" data-id=\"305f4d2\" data-element_type=\"widget\" data-widget_type=\"progress.default\">\n\t\t\t\t<div class=\"elementor-widget-container\">\n\t\t\t\t\t\t\t\t<span class=\"elementor-title\" id=\"elementor-progress-bar-305f4d2\">\n\t\t\t\tNefropat\u00eda diab\u00e9tica ISQ-203\t\t\t<\/span>\n\t\t\n\t\t<div aria-labelledby=\"elementor-progress-bar-305f4d2\" class=\"elementor-progress-wrapper\" role=\"progressbar\" aria-valuemin=\"0\" aria-valuemax=\"100\" aria-valuenow=\"38\" aria-valuetext=\"38% (Validaci\u00f3n precl\u00ednica)\">\n\t\t\t<div class=\"elementor-progress-bar\" data-max=\"38\">\n\t\t\t\t<span class=\"elementor-progress-text\">Validaci\u00f3n precl\u00ednica<\/span>\n\t\t\t\t\t\t\t<\/div>\n\t\t<\/div>\n\t\t\t\t\t\t<\/div>\n\t\t\t\t<\/div>\n\t\t\t\t<div class=\"elementor-element elementor-element-a87cb34 elementor-widget elementor-widget-progress\" data-id=\"a87cb34\" data-element_type=\"widget\" data-widget_type=\"progress.default\">\n\t\t\t\t<div class=\"elementor-widget-container\">\n\t\t\t\t\t\t\t\t<span class=\"elementor-title\" id=\"elementor-progress-bar-a87cb34\">\n\t\t\t\tAterosclerosis asociada a diabetes ISQ-203\t\t\t<\/span>\n\t\t\n\t\t<div aria-labelledby=\"elementor-progress-bar-a87cb34\" class=\"elementor-progress-wrapper\" role=\"progressbar\" aria-valuemin=\"0\" aria-valuemax=\"100\" aria-valuenow=\"29\" aria-valuetext=\"29% (Validaci\u00f3n precl\u00ednica)\">\n\t\t\t<div class=\"elementor-progress-bar\" data-max=\"29\">\n\t\t\t\t<span class=\"elementor-progress-text\">Validaci\u00f3n precl\u00ednica<\/span>\n\t\t\t\t\t\t\t<\/div>\n\t\t<\/div>\n\t\t\t\t\t\t<\/div>\n\t\t\t\t<\/div>\n\t\t\t\t\t<\/div>\n\t\t<\/div>\n\t\t\t\t\t<\/div>\n\t\t<\/section>\n\t\t\t\t<section class=\"elementor-section elementor-top-section elementor-element elementor-element-c22c739 elementor-section-boxed elementor-section-height-default elementor-section-height-default\" data-id=\"c22c739\" data-element_type=\"section\">\n\t\t\t\t\t\t<div class=\"elementor-container elementor-column-gap-default\">\n\t\t\t\t\t<div class=\"elementor-column elementor-col-100 elementor-top-column elementor-element elementor-element-2318e0d\" data-id=\"2318e0d\" data-element_type=\"column\">\n\t\t\t<div class=\"elementor-widget-wrap elementor-element-populated\">\n\t\t\t\t\t\t<div class=\"elementor-element elementor-element-7184672 elementor-widget elementor-widget-spacer\" data-id=\"7184672\" data-element_type=\"widget\" data-widget_type=\"spacer.default\">\n\t\t\t\t<div class=\"elementor-widget-container\">\n\t\t\t\t\t\t\t<div class=\"elementor-spacer\">\n\t\t\t<div class=\"elementor-spacer-inner\"><\/div>\n\t\t<\/div>\n\t\t\t\t\t\t<\/div>\n\t\t\t\t<\/div>\n\t\t\t\t<div class=\"elementor-element elementor-element-78e81e5 elementor-widget elementor-widget-heading\" data-id=\"78e81e5\" data-element_type=\"widget\" data-widget_type=\"heading.default\">\n\t\t\t\t<div class=\"elementor-widget-container\">\n\t\t\t\t\t<h2 class=\"elementor-heading-title elementor-size-default\">SABER M\u00c1S DE ISQUAEMIA BIOTECH<\/h2>\t\t\t\t<\/div>\n\t\t\t\t<\/div>\n\t\t\t\t<div class=\"elementor-element elementor-element-b0597d7 elementor-align-center elementor-widget elementor-widget-button\" data-id=\"b0597d7\" data-element_type=\"widget\" data-widget_type=\"button.default\">\n\t\t\t\t<div class=\"elementor-widget-container\">\n\t\t\t\t\t\t\t\t\t<div class=\"elementor-button-wrapper\">\n\t\t\t\t\t<a class=\"elementor-button elementor-button-link elementor-size-sm\" href=\"https:\/\/isquaemiabiotech.com\/\">\n\t\t\t\t\t\t<span class=\"elementor-button-content-wrapper\">\n\t\t\t\t\t\t\t\t\t<span class=\"elementor-button-text\">VISITA SU WEB<\/span>\n\t\t\t\t\t<\/span>\n\t\t\t\t\t<\/a>\n\t\t\t\t<\/div>\n\t\t\t\t\t\t\t\t<\/div>\n\t\t\t\t<\/div>\n\t\t\t\t<div class=\"elementor-element elementor-element-db084c2 elementor-widget elementor-widget-spacer\" data-id=\"db084c2\" data-element_type=\"widget\" data-widget_type=\"spacer.default\">\n\t\t\t\t<div class=\"elementor-widget-container\">\n\t\t\t\t\t\t\t<div class=\"elementor-spacer\">\n\t\t\t<div class=\"elementor-spacer-inner\"><\/div>\n\t\t<\/div>\n\t\t\t\t\t\t<\/div>\n\t\t\t\t<\/div>\n\t\t\t\t\t<\/div>\n\t\t<\/div>\n\t\t\t\t\t<\/div>\n\t\t<\/section>\n\t\t\t\t<\/div>\n\t\t","protected":false},"excerpt":{"rendered":"<p>ISQUAEMIA BIOTECH es una empresa biotecnol\u00f3gica dirigida al desarrollo de nuevas soluciones farmacol\u00f3gicas para enfermedades vasculares y del Sistema Nervioso Central. ISQUAEMIA BIOTECH es una empresa biotecnol\u00f3gica dirigida al desarrollo de nuevas soluciones farmacol\u00f3gicas para enfermedades vasculares y del Sistema Nervioso Central. DOS GRANDES FAMILIAS DE COMPUESTOS ESTERONITRONAS Compuestos antioxidantes y con efecto neuroprotector para [&hellip;]<\/p>\n","protected":false},"author":2,"featured_media":0,"parent":0,"menu_order":0,"comment_status":"closed","ping_status":"closed","template":"","meta":{"footnotes":""},"class_list":["post-21","page","type-page","status-publish","hentry"],"_links":{"self":[{"href":"https:\/\/canaanid.com\/index.php\/wp-json\/wp\/v2\/pages\/21","targetHints":{"allow":["GET"]}}],"collection":[{"href":"https:\/\/canaanid.com\/index.php\/wp-json\/wp\/v2\/pages"}],"about":[{"href":"https:\/\/canaanid.com\/index.php\/wp-json\/wp\/v2\/types\/page"}],"author":[{"embeddable":true,"href":"https:\/\/canaanid.com\/index.php\/wp-json\/wp\/v2\/users\/2"}],"replies":[{"embeddable":true,"href":"https:\/\/canaanid.com\/index.php\/wp-json\/wp\/v2\/comments?post=21"}],"version-history":[{"count":37,"href":"https:\/\/canaanid.com\/index.php\/wp-json\/wp\/v2\/pages\/21\/revisions"}],"predecessor-version":[{"id":1114,"href":"https:\/\/canaanid.com\/index.php\/wp-json\/wp\/v2\/pages\/21\/revisions\/1114"}],"wp:attachment":[{"href":"https:\/\/canaanid.com\/index.php\/wp-json\/wp\/v2\/media?parent=21"}],"curies":[{"name":"wp","href":"https:\/\/api.w.org\/{rel}","templated":true}]}}