{"id":1645,"date":"2023-08-02T15:13:41","date_gmt":"2023-08-02T15:13:41","guid":{"rendered":"https:\/\/canaanid.com\/?page_id=1645"},"modified":"2023-08-02T15:13:42","modified_gmt":"2023-08-02T15:13:42","slug":"aviso-legal","status":"publish","type":"page","link":"https:\/\/canaanid.com\/index.php\/aviso-legal\/","title":{"rendered":"AVISO LEGAL"},"content":{"rendered":"\n<p><strong>AVISO LEGAL<\/strong><\/p>\n\n\n\n<p><strong>LEY DE LOS SERVICIOS DE LA SOCIEDAD DE LA INFORMACI\u00d3N (LSSI)<\/strong><\/p>\n\n\n\n<p>CANAAN RESEARCH &amp; INVESTMENT, S.L., responsable del sitio web, en adelante RESPONSABLE, pone a disposici\u00f3n&nbsp;de los usuarios el presente documento, con el que pretende dar cumplimiento a las obligaciones&nbsp;dispuestas en la Ley 34\/2002, de 11 de julio, de Servicios de la Sociedad de la Informaci\u00f3n y de&nbsp;Comercio Electr\u00f3nico (LSSICE), BOE N \u00ba 166, as\u00ed como informar a todos los usuarios del sitio web&nbsp;respecto a cu\u00e1les son las condiciones de uso.&nbsp;<\/p>\n\n\n\n<p>Toda persona que acceda a este sitio web asume el papel de usuario, comprometi\u00e9ndose a la&nbsp;observancia y cumplimiento riguroso de las disposiciones aqu\u00ed dispuestas, as\u00ed como a cualquier otra&nbsp;disposici\u00f3n legal que fuera de aplicaci\u00f3n.<\/p>\n\n\n\n<p>CANAAN RESEARCH &amp; INVESTMENT, S.L. se reserva el derecho de modificar cualquier tipo de informaci\u00f3n que pudiera&nbsp;aparecer en el sitio web, sin que exista obligaci\u00f3n de preavisar o poner en conocimiento de los&nbsp;usuarios dichas obligaciones, entendi\u00e9ndose como suficiente con la publicaci\u00f3n en el sitio web de&nbsp;CANAAN RESEARCH &amp; INVESTMENT, S.L..<\/p>\n\n\n\n<p><strong>1. DATOS IDENTIFICATIVOS<\/strong><\/p>\n\n\n\n<p>Nombre comercial: &nbsp;&nbsp;&nbsp; CANAAN<\/p>\n\n\n\n<p>Denominaci\u00f3n social: &nbsp;&nbsp;&nbsp;&nbsp;&nbsp;&nbsp;&nbsp;&nbsp;&nbsp;&nbsp;<\/p>\n\n\n\n<p>CANAAN RESEARCH &amp; INVESTMENT SL<\/p>\n\n\n\n<p>NIF:<\/p>\n\n\n\n<p>&nbsp;B87162335<\/p>\n\n\n\n<p>Domicilio Social: C\/ Bol\u00edvar 17, Portal E 1\u00ba A 28079 Madrid<\/p>\n\n\n\n<p>e-mail: administracion@canaanrd.com<\/p>\n\n\n\n<p>Inscrita en el registro mercantil:&nbsp; RM Madrid Tomo 32.998 Folio 115 n.\u00ba Hoja Registral 593996<\/p>\n\n\n\n<p><strong>2. DERECHOS DE PROPIEDAD INTELECTUAL E INDUSTRIAL<\/strong><\/p>\n\n\n\n<p>El sitio web, incluyendo a t\u00edtulo enunciativo pero no limitativo su programaci\u00f3n, edici\u00f3n, compilaci\u00f3n y&nbsp;dem\u00e1s elementos necesarios para su funcionamiento, los dise\u00f1os, logotipos, texto y\/o gr\u00e1ficos, son&nbsp;propiedad del RESPONSABLE o, si es el caso, dispone de licencia o autorizaci\u00f3n expresa por parte de&nbsp;los autores. Todos los contenidos del sitio web se encuentran debidamente protegidos por la normativa&nbsp;de propiedad intelectual e industrial, as\u00ed como inscritos en los registros p\u00fablicos correspondientes.&nbsp;Independientemente de la finalidad para la que fueran destinados, la reproducci\u00f3n total o parcial, uso,&nbsp;explotaci\u00f3n, distribuci\u00f3n y comercializaci\u00f3n, requiere en todo caso de la autorizaci\u00f3n escrita previa por&nbsp;parte del RESPONSABLE. Cualquier uso no autorizado previamente se considera un incumplimiento&nbsp;grave de los derechos de propiedad intelectual o industrial del autor.<\/p>\n\n\n\n<p>Los dise\u00f1os, logotipos, texto y\/o gr\u00e1ficos ajenos al RESPONSABLE y que pudieran aparecer en el sitio&nbsp;web, pertenecen a sus respectivos propietarios, siendo ellos mismos responsables de cualquier posible&nbsp;controversia que pudiera suscitarse respecto a los mismos. El RESPONSABLE autoriza expresamente&nbsp;a que terceros puedan redirigir directamente a los contenidos concretos del sitio web, y en todo caso&nbsp;redirigir al sitio web principal de www.mirnax.com.<\/p>\n\n\n\n<p>El RESPONSABLE reconoce a favor de sus titulares los correspondientes derechos de propiedad&nbsp;CANAAN RESEARCH &amp; INVESTMENT, S.L.&nbsp;intelectual e industrial, no implicando su sola menci\u00f3n o aparici\u00f3n en el sitio web la existencia de&nbsp;derechos o responsabilidad alguna sobre los mismos, como tampoco respaldo, patrocinio o&nbsp;recomendaci\u00f3n por parte del mismo.<\/p>\n\n\n\n<p>Para realizar cualquier tipo de observaci\u00f3n respecto a posibles incumplimientos de los derechos de propiedad intelectual o industrial, as\u00ed como sobre cualquiera de los contenidos del sitio web, puede&nbsp;hacerlo a trav\u00e9s del correo electr\u00f3nico administracion@canaard.com.<\/p>\n\n\n\n<p><strong>3. EXENCI\u00d3N DE RESPONSABILIDADES<\/strong><\/p>\n\n\n\n<p>El RESPONSABLE se exime de cualquier tipo de responsabilidad derivada de la informaci\u00f3n publicada&nbsp;en su sitio web siempre que esta informaci\u00f3n haya sido manipulada o introducida por un tercero ajeno&nbsp;al mismo.<\/p>\n\n\n\n<p><strong>Uso de Cookies<\/strong><\/p>\n\n\n\n<p>Este sitio web puede utilizar cookies t\u00e9cnicas (peque\u00f1os archivos de informaci\u00f3n que el servidor env\u00eda&nbsp;al ordenador de quien accede a la p\u00e1gina) para llevar a cabo determinadas funciones que son&nbsp;consideradas imprescindibles para el correcto funcionamiento y visualizaci\u00f3n del sitio. Las cookies&nbsp;utilizadas tienen, en todo caso, car\u00e1cter temporal, con la \u00fanica finalidad de hacer m\u00e1s eficaz la&nbsp;navegaci\u00f3n, y desaparecen al terminar la sesi\u00f3n del usuario. En ning\u00fan caso, estas cookies&nbsp;proporcionan por s\u00ed mismas datos de car\u00e1cter personal y no se utilizar\u00e1n para la recogida de los&nbsp;mismos.<\/p>\n\n\n\n<p>Mediante el uso de cookies tambi\u00e9n es posible que el servidor donde se encuentra la web reconozca el&nbsp;navegador utilizado por el usuario con la finalidad de que la navegaci\u00f3n sea m\u00e1s sencilla, permitiendo,&nbsp;por ejemplo, el acceso de los usuarios que se hayan registrado previamente a las \u00e1reas, servicios,&nbsp;promociones o concursos reservados exclusivamente a ellos sin tener que registrarse en cada visita.&nbsp;Tambi\u00e9n se pueden utilizar para medir la audiencia, par\u00e1metros de tr\u00e1fico, controlar el progreso y&nbsp;n\u00famero de entradas, etc, siendo en estos casos cookies prescindibles t\u00e9cnicamente pero beneficiosas&nbsp;para el usuario. Este sitio web no instalar\u00e1 cookies prescindibles sin el consentimiento previo del&nbsp;usuario.<\/p>\n\n\n\n<p>Este sitio web utiliza cookies anal\u00edticas (_ga o _utm) propiedad de Google Analytics, persistentes&nbsp;durante 2 a\u00f1os, para habilitar la funci\u00f3n de control de visitas \u00fanicas con el fin de facilitarle su&nbsp;navegaci\u00f3n. A todo usuario que visita la web se le informa del uso de estas cookies mediante un baner&nbsp;flotante, considerando que si contin\u00faa navegando est\u00e1 de acuerdo con su uso. En el caso de aceptar&nbsp;su uso el banner desaparecer\u00e1, aunque en todo momento podr\u00e1 revocar el consentimiento y obtener&nbsp;m\u00e1s informaci\u00f3n consultando nuestra Pol\u00edtica de cookies.<\/p>\n\n\n\n<p>El usuario tiene la posibilidad de configurar su navegador para ser alertado de la recepci\u00f3n de cookies&nbsp;y para impedir su instalaci\u00f3n en su equipo. Por favor, consulte las instrucciones de su navegador para&nbsp;ampliar esta informaci\u00f3n.<\/p>\n\n\n\n<p><strong>Pol\u00edtica de enlaces<\/strong><\/p>\n\n\n\n<p>Desde el sitio web, es posible que se redirija a contenidos de terceros sitios web. Dado que el&nbsp;RESPONSABLE no puede controlar siempre los contenidos introducidos por los terceros en sus&nbsp;respectivos sitios web, no asume ning\u00fan tipo de responsabilidad respecto a dichos contenidos. En todo&nbsp;caso, proceder\u00e1 a la retirada inmediata de cualquier contenido que pudiera contravenir la legislaci\u00f3n&nbsp;nacional o internacional, la moral o el orden p\u00fablico, procediendo a la retirada inmediata de la redirecci\u00f3n a dicho sitio web, poniendo en conocimiento de las autoridades competentes el contenido&nbsp;en cuesti\u00f3n.<\/p>\n\n\n\n<p>El RESPONSABLE no se hace responsable de la informaci\u00f3n y contenidos almacenados, a t\u00edtulo&nbsp;enunciativo pero no limitativo, en foros, chats, generadores de blogs, comentarios, redes sociales o&nbsp;cualquier otro medio que permita a terceros publicar contenidos de forma independiente en la p\u00e1gina&nbsp;web del RESPONSABLE. Sin embargo, y en cumplimiento de lo dispuesto en los art\u00edculos 11 y 16 de&nbsp;la LSSICE, se pone a disposici\u00f3n de todos los usuarios, autoridades y fuerzas de seguridad,&nbsp;colaborando de forma activa en la retirada o, en su caso, bloqueo de todos aquellos contenidos que&nbsp;puedan afectar o contravenir la legislaci\u00f3n nacional o internacional, los derechos de terceros o la moral&nbsp;y el orden p\u00fablico. En caso de que el usuario considere que existe en el sitio web alg\u00fan contenido que&nbsp;pudiera ser susceptible de esta clasificaci\u00f3n, se ruega lo notifique de forma inmediata al administrador&nbsp;del sitio web.<\/p>\n\n\n\n<p>Este sitio web ha sido revisado y probado para que funcione correctamente. En principio, puede&nbsp;garantizarse el correcto funcionamiento los 365 d\u00edas del a\u00f1o, 24 horas al d\u00eda. Sin embargo,&nbsp;el RESPONSABLE no descarta la posibilidad de que existan ciertos errores de programaci\u00f3n, o que&nbsp;acontezcan causas de fuerza mayor, cat\u00e1strofes naturales, huelgas o circunstancias semejantes que&nbsp;hagan imposible el acceso a la p\u00e1gina web.<\/p>\n\n\n\n<p><strong>Direcciones IP<\/strong><\/p>\n\n\n\n<p>Los servidores del sitio web podr\u00e1n detectar de manera autom\u00e1tica la direcci\u00f3n IP y el nombre de dominio utilizados por el usuario. Una direcci\u00f3n IP es un n\u00famero asignado autom\u00e1ticamente a un&nbsp;ordenador cuando \u00e9ste se conecta a Internet. Toda esta informaci\u00f3n es registrada en un fichero de&nbsp;actividad del servidor debidamente inscrito que permite el posterior procesamiento de los datos con el&nbsp;fin de obtener mediciones \u00fanicamente estad\u00edsticas que permitan conocer el n\u00famero de impresiones de&nbsp;p\u00e1ginas, el n\u00famero de visitas realizadas a los servidores web, el orden de visitas, el punto de acceso,&nbsp;etc.<\/p>\n\n\n\n<p><strong>4. LEY APLICABLE Y JURISDICCI\u00d3N<\/strong><\/p>\n\n\n\n<p>Para la resoluci\u00f3n de todas las controversias o cuestiones relacionadas con el presente sitio web o de&nbsp;las actividades en \u00e9l desarrolladas, ser\u00e1 de aplicaci\u00f3n la legislaci\u00f3n espa\u00f1ola, a la que se someten&nbsp;expresamente las partes, siendo competentes para la resoluci\u00f3n de todos los conflictos derivados o&nbsp;relacionados con su uso los Juzgados y Tribunales m\u00e1s cercanos a C\u00f3rdoba.<\/p>\n","protected":false},"excerpt":{"rendered":"<p>AVISO LEGAL LEY DE LOS SERVICIOS DE LA SOCIEDAD DE LA INFORMACI\u00d3N (LSSI) CANAAN RESEARCH &amp; INVESTMENT, S.L., responsable del sitio web, en adelante RESPONSABLE, pone a disposici\u00f3n&nbsp;de los usuarios el presente documento, con el que pretende dar cumplimiento a las obligaciones&nbsp;dispuestas en la Ley 34\/2002, de 11 de julio, de Servicios de la Sociedad [&hellip;]<\/p>\n","protected":false},"author":2,"featured_media":0,"parent":0,"menu_order":0,"comment_status":"closed","ping_status":"closed","template":"","meta":{"footnotes":""},"class_list":["post-1645","page","type-page","status-publish","hentry"],"_links":{"self":[{"href":"https:\/\/canaanid.com\/index.php\/wp-json\/wp\/v2\/pages\/1645","targetHints":{"allow":["GET"]}}],"collection":[{"href":"https:\/\/canaanid.com\/index.php\/wp-json\/wp\/v2\/pages"}],"about":[{"href":"https:\/\/canaanid.com\/index.php\/wp-json\/wp\/v2\/types\/page"}],"author":[{"embeddable":true,"href":"https:\/\/canaanid.com\/index.php\/wp-json\/wp\/v2\/users\/2"}],"replies":[{"embeddable":true,"href":"https:\/\/canaanid.com\/index.php\/wp-json\/wp\/v2\/comments?post=1645"}],"version-history":[{"count":1,"href":"https:\/\/canaanid.com\/index.php\/wp-json\/wp\/v2\/pages\/1645\/revisions"}],"predecessor-version":[{"id":1646,"href":"https:\/\/canaanid.com\/index.php\/wp-json\/wp\/v2\/pages\/1645\/revisions\/1646"}],"wp:attachment":[{"href":"https:\/\/canaanid.com\/index.php\/wp-json\/wp\/v2\/media?parent=1645"}],"curies":[{"name":"wp","href":"https:\/\/api.w.org\/{rel}","templated":true}]}}