{"id":1643,"date":"2023-08-02T15:12:38","date_gmt":"2023-08-02T15:12:38","guid":{"rendered":"https:\/\/canaanid.com\/?page_id=1643"},"modified":"2023-08-02T15:12:39","modified_gmt":"2023-08-02T15:12:39","slug":"politica-de-cookies","status":"publish","type":"page","link":"https:\/\/canaanid.com\/index.php\/politica-de-cookies\/","title":{"rendered":"POL\u00cdTICA DE COOKIES"},"content":{"rendered":"\n<p><strong>POL\u00cdTICA DE COOKIES<\/strong><\/p>\n\n\n\n<p><strong>INFORMACI\u00d3N SOBRE COOKIES<\/strong><\/p>\n\n\n\n<p>Debido a la entrada en vigor de la referente modificaci\u00f3n de la \u201cLey de Servicios de la Sociedad de la Informaci\u00f3n\u201d&nbsp;(LSSICE) establecida por el Real Decreto 13\/2012, es de obligaci\u00f3n obtener el consentimiento expreso del usuario de&nbsp;todas las p\u00e1ginas web que usan cookies prescindibles, antes de que \u00e9ste navegue por ellas.<\/p>\n\n\n\n<p><strong>\u00bfQU\u00c9 SON LAS COOKIES?<\/strong><\/p>\n\n\n\n<p>Las cookies y otras tecnolog\u00edas similares tales como local shared objects, flash cookies o p\u00edxeles, son herramientas&nbsp;empleadas por los servidores Web para almacenar y recuperar informaci\u00f3n acerca de sus visitantes, as\u00ed como para ofrecer&nbsp;un correcto funcionamiento del sitio.<\/p>\n\n\n\n<p>Mediante el uso de estos dispositivos se permite al servidor Web recordar algunos datos concernientes al usuario, como&nbsp;sus preferencias para la visualizaci\u00f3n de las p\u00e1ginas de ese servidor, nombre y contrase\u00f1a, productos que m\u00e1s le&nbsp;interesan, etc.&nbsp;<\/p>\n\n\n\n<p><strong>COOKIES AFECTADAS POR LA NORMATIVA Y COOKIES EXCEPTUADAS<\/strong><\/p>\n\n\n\n<p>Seg\u00fan la directiva de la UE, las cookies que requieren el consentimiento informado por parte del usuario son las cookies de&nbsp;anal\u00edtica y las de publicidad y afiliaci\u00f3n, quedando exceptuadas las de car\u00e1cter t\u00e9cnico y las necesarias para el&nbsp;funcionamiento del sitio web o la prestaci\u00f3n de servicios expresamente solicitados por el usuario.&nbsp;<\/p>\n\n\n\n<p><strong>\u00bfQU\u00c9 TIPOS DE COOKIES EXISTEN?<\/strong><\/p>\n\n\n\n<ul class=\"wp-block-list\">\n<li>Sobre los tipos de cookies, existen cinco grandes grupos:<\/li>\n\n\n\n<li>Cookies anal\u00edticas: recogen informaci\u00f3n del uso que se realiza del sitio web.<\/li>\n\n\n\n<li>Cookies sociales: son aquellas necesarias para redes sociales externas.<\/li>\n\n\n\n<li>Cookies de afiliados: permiten hacer un seguimiento de las visitas procedentes de otras webs, con las que el&nbsp;sitio web establece un contrato de afiliaci\u00f3n (empresas de afiliaci\u00f3n).<\/li>\n\n\n\n<li>Cookies de publicidad y comportamentales: recogen informaci\u00f3n sobre las preferencias y elecciones personales del usuario (retargeting).<\/li>\n\n\n\n<li>Cookies t\u00e9cnicas y funcionales: son las estrictamente necesarias para el uso del sitio web y para la prestaci\u00f3n&nbsp;del servicio contratado.<\/li>\n<\/ul>\n\n\n\n<p><strong>COOKIES QUE SE UTILIZAN EN ESTE SITIO WEB<\/strong><\/p>\n\n\n\n<p><strong>Listar los nombres de las cookies, tipo, propietario, funci\u00f3n y vencimiento, por ejemplo:<\/strong><\/p>\n\n\n\n<ul class=\"wp-block-list\">\n<li>PHPSESSID: cookie t\u00e9cnica y estrictamente necesaria que contiene el identificador de la sesi\u00f3n. Se elimina al&nbsp;cerrar el navegador.<\/li>\n\n\n\n<li>_lang: cookie t\u00e9cnica y estrictamente necesaria que contiene el idioma de la sesi\u00f3n. Se elimina al cerrar el&nbsp;navegador.<\/li>\n\n\n\n<li>ac_cookies: cookie t\u00e9cnica y estrictamente necesaria que contiene el valor de si se ha aceptado la instalaci\u00f3n&nbsp;de cookies. Caduca en 1 a\u00f1o desde la \u00faltima actualizaci\u00f3n.<\/li>\n\n\n\n<li>_ga: cookie de Google Analytics que habilita la funci\u00f3n de control de visitas \u00fanicas. La primera vez que un&nbsp;usuario entre en el sitio web a trav\u00e9s de un navegador se instalar\u00e1 esta cookie. Cuando este usuario vuelva a&nbsp;entrar en la web con el mismo navegador, la cookie considerar\u00e1 que es el mismo usuario. Solo en el caso de que el usuario cambie de navegador, se considerar\u00e1 otro usuario. Caduca a los 2 a\u00f1os desde la \u00faltima actualizaci\u00f3n.&nbsp;<\/li>\n\n\n\n<li>_gat: Esta cookie se asocia con Google Analytics Universal. Se utiliza para limitar la velocidad de petici\u00f3n &#8211; la&nbsp;limitaci\u00f3n de la recogida de datos en los sitios de alto tr\u00e1fico. Caduca a los 10 minutos.<\/li>\n\n\n\n<li>_utma: cookie de Google Analytics que registra la fecha de la primera y \u00faltima vez que el usuario visti\u00f3 el sitio web. Caduca a los 2 a\u00f1os desde la \u00faltima actualizaci\u00f3n.<\/li>\n\n\n\n<li>_utmb: cookie de Google Analytics que registra la hora de llegada a la p\u00e1gina web. Caduca a los 30 minutos&nbsp;desde la \u00faltima actualizaci\u00f3n.<\/li>\n\n\n\n<li>_utmc: cookie de Google Analytics utilizada para la interoperabilidad con el c\u00f3digo de seguimiento urchin.js. Se&nbsp;elimina al cerrar el navegador. _utmt: cookie de Google Analytics. Esta cookie se utiliza para procesar el tipo de solicitud pedida por el&nbsp;usuario. Caduca al finalizar la sesi\u00f3n. _utmv: cookie de Google Analytics. Esta cookie se utiliza para segmentar datos demogr\u00e1ficos. Caduca al&nbsp;finalizar la sesi\u00f3n.<\/li>\n\n\n\n<li>_utmz: cookie de Google Analytics que almacena la fuente de tr\u00e1fico o una campa\u00f1a para explicar c\u00f3mo el&nbsp;usuario lleg\u00f3 al sitio web. Caduca a los 6 meses desde la \u00faltima actualizaci\u00f3n.<\/li>\n<\/ul>\n\n\n\n<p><strong>EVOCACI\u00d3N DEL CONSENTIMIENTO PARA INSTALAR COOKIES<\/strong><\/p>\n\n\n\n<p><strong>COMO ELIMINAR LAS COOKIES DEL NAVEGADOR<\/strong><\/p>\n\n\n\n<p><strong>Chrome<\/strong><\/p>\n\n\n\n<p>1. Selecciona el icono de Herramientas<\/p>\n\n\n\n<p>2. Haz clic en Configuraci\u00f3n.<\/p>\n\n\n\n<p>3. Haz clic en Mostrar Opciones Avanzadas.<\/p>\n\n\n\n<p>4. En la secci\u00f3n \u00abPrivacidad\u00bb haz clic en Configuraci\u00f3n de contenido.<\/p>\n\n\n\n<ul class=\"wp-block-list\">\n<li>Eliminar cookies: Haz clic en Todas las cookies y los datos de sitios\u2026<\/li>\n\n\n\n<li>No permitir que se almacenen cookies.<\/li>\n<\/ul>\n\n\n\n<p>5. Haz clic en Eliminar datos de navegaci\u00f3n (vaciar la Cach\u00e9).<\/p>\n\n\n\n<p>6. Cierra y reinicia el navegador.<\/p>\n\n\n\n<p>Para m\u00e1s informaci\u00f3n sobre Chrome pulse aqu\u00ed:&nbsp;<a href=\"http:\/\/support.google.com\/chrome\/answer\/95647?hl=es\" target=\"_blank\" rel=\"noreferrer noopener\">http:\/\/support.google.com\/chrome\/answer\/95647?hl=es<\/a><\/p>\n\n\n\n<p><strong>Internet Explorer. Versi\u00f3n 11<\/strong><\/p>\n\n\n\n<p>1. Selecciona Herramientas | Opciones de Internet.<\/p>\n\n\n\n<p>2. Haz clic en la ficha General.<\/p>\n\n\n\n<p>3. En la secci\u00f3n \u00abHistorial de exploraci\u00f3n\u00bb, haz clic en Eliminar el historial de exploraci\u00f3n al salir.<\/p>\n\n\n\n<p>4. Seleccionar Eliminar archivos.<\/p>\n\n\n\n<p>5. Seleccionar Eliminar cookies.<\/p>\n\n\n\n<p>6. Haz clic en Eliminar.<\/p>\n\n\n\n<p>7. Haz clic en Aceptar.<\/p>\n\n\n\n<p>8. Cierra y reinicia el navegador.<\/p>\n\n\n\n<p>Para m\u00e1s informaci\u00f3n sobre Internet Explorer pulse aqu\u00ed:<\/p>\n\n\n\n<p><a href=\"http:\/\/windows.microsoft.com\/es-419\/windows7\/how-to-manage-cookies-in-internet-explorer-9\" target=\"_blank\" rel=\"noreferrer noopener\">http:\/\/windows.microsoft.com\/es-419\/windows7\/how-to-manage-cookies-in-internet-explorer-9<\/a><\/p>\n\n\n\n<p><strong>Firefox. Versi\u00f3n 18<\/strong><\/p>\n\n\n\n<p>1. Selecciona Firefox | Historial | Limpiar el historial reciente.<\/p>\n\n\n\n<p>2. Al lado de \u00abDetalles\u00bb, haz clic en la flecha hacia abajo.<\/p>\n\n\n\n<p>3. Selecciona las siguientes casillas de verificaci\u00f3n: Cookies, Cach\u00e9, Inicios de sesi\u00f3n activos<\/p>\n\n\n\n<p>4. Usando el \u00abIntervalo de tiempo para borrar\u00bb en el men\u00fa desplegable, selecciona Todo.<\/p>\n\n\n\n<p>5. Haz clic en Borrar ahora.<\/p>\n\n\n\n<p>6. Cierra y reinicia el navegador.<\/p>\n\n\n\n<p>Puede aceptar o rechazar las cookies individualmente en las Preferencias de Firefox, en la secci\u00f3n Historial disponible en<\/p>\n\n\n\n<p>Herramientas &gt; Opciones &gt; Privacidad.<\/p>\n\n\n\n<p>Para m\u00e1s informaci\u00f3n sobre Mozilla Firefox pulse aqu\u00ed:&nbsp;<a href=\"https:\/\/www.mozilla.org\/es-ES\/privacy\/websites\/#cookies\" target=\"_blank\" rel=\"noreferrer noopener\">https:\/\/www.mozilla.org\/es-ES\/privacy\/websites\/#cookies<\/a><\/p>\n\n\n\n<p><strong>Safari Versi\u00f3n 5.1<\/strong><\/p>\n\n\n\n<p>1. Selecciona el icono de Safari \/ Editar | Restaurar Safari.<\/p>\n\n\n\n<p>2. Selecciona las siguientes casillas de verificaci\u00f3n: Borrar el historial, Eliminar todos los datos de sitio web<\/p>\n\n\n\n<p>3. Haz clic en Restablecer.<\/p>\n\n\n\n<p>4. Cierra y reinicia el navegador.<\/p>\n\n\n\n<p>Para m\u00e1s informaci\u00f3n sobre Safari pulse aqu\u00ed: http:\/\/support.apple.com\/kb\/PH5042<\/p>\n\n\n\n<p><strong>Opera<\/strong><\/p>\n\n\n\n<p>Opciones &#8211; Avanzado &#8211; Cookies.<\/p>\n\n\n\n<p>Las opciones de cookies controlan el modo en que Opera los maneja y por lo tanto su aceptaci\u00f3n o rechazo.<\/p>\n\n\n\n<p>Para m\u00e1s informaci\u00f3n sobre \u00d3pera pulse aqu\u00ed:&nbsp;<a href=\"https:\/\/help.opera.com\/en\/latest\/security-and-privacy\/#clearBrowsingData\" target=\"_blank\" rel=\"noreferrer noopener\">https:\/\/help.opera.com\/en\/latest\/security-and-privacy\/#clearBrowsingData<\/a><\/p>\n\n\n\n<p><strong>Otros navegadores<\/strong><\/p>\n\n\n\n<p>Consulte la documentaci\u00f3n del navegador que tenga instalado.<\/p>\n","protected":false},"excerpt":{"rendered":"<p>POL\u00cdTICA DE COOKIES INFORMACI\u00d3N SOBRE COOKIES Debido a la entrada en vigor de la referente modificaci\u00f3n de la \u201cLey de Servicios de la Sociedad de la Informaci\u00f3n\u201d&nbsp;(LSSICE) establecida por el Real Decreto 13\/2012, es de obligaci\u00f3n obtener el consentimiento expreso del usuario de&nbsp;todas las p\u00e1ginas web que usan cookies prescindibles, antes de que \u00e9ste navegue [&hellip;]<\/p>\n","protected":false},"author":2,"featured_media":0,"parent":0,"menu_order":0,"comment_status":"closed","ping_status":"closed","template":"","meta":{"footnotes":""},"class_list":["post-1643","page","type-page","status-publish","hentry"],"_links":{"self":[{"href":"https:\/\/canaanid.com\/index.php\/wp-json\/wp\/v2\/pages\/1643","targetHints":{"allow":["GET"]}}],"collection":[{"href":"https:\/\/canaanid.com\/index.php\/wp-json\/wp\/v2\/pages"}],"about":[{"href":"https:\/\/canaanid.com\/index.php\/wp-json\/wp\/v2\/types\/page"}],"author":[{"embeddable":true,"href":"https:\/\/canaanid.com\/index.php\/wp-json\/wp\/v2\/users\/2"}],"replies":[{"embeddable":true,"href":"https:\/\/canaanid.com\/index.php\/wp-json\/wp\/v2\/comments?post=1643"}],"version-history":[{"count":1,"href":"https:\/\/canaanid.com\/index.php\/wp-json\/wp\/v2\/pages\/1643\/revisions"}],"predecessor-version":[{"id":1644,"href":"https:\/\/canaanid.com\/index.php\/wp-json\/wp\/v2\/pages\/1643\/revisions\/1644"}],"wp:attachment":[{"href":"https:\/\/canaanid.com\/index.php\/wp-json\/wp\/v2\/media?parent=1643"}],"curies":[{"name":"wp","href":"https:\/\/api.w.org\/{rel}","templated":true}]}}