{"id":1605,"date":"2023-07-03T08:45:11","date_gmt":"2023-07-03T08:45:11","guid":{"rendered":"https:\/\/canaanid.com\/?page_id=1605"},"modified":"2023-07-18T09:10:03","modified_gmt":"2023-07-18T09:10:03","slug":"test-stroke","status":"publish","type":"page","link":"https:\/\/canaanid.com\/index.php\/test-stroke\/","title":{"rendered":"TEST STROKE"},"content":{"rendered":"\t\t<div data-elementor-type=\"wp-page\" data-elementor-id=\"1605\" class=\"elementor elementor-1605\" data-elementor-post-type=\"page\">\n\t\t\t\t\t\t<section class=\"elementor-section elementor-top-section elementor-element elementor-element-a2ba36e elementor-section-boxed elementor-section-height-default elementor-section-height-default\" data-id=\"a2ba36e\" data-element_type=\"section\">\n\t\t\t\t\t\t<div class=\"elementor-container elementor-column-gap-default\">\n\t\t\t\t\t<div class=\"elementor-column elementor-col-50 elementor-top-column elementor-element elementor-element-4adce9e\" data-id=\"4adce9e\" data-element_type=\"column\">\n\t\t\t<div class=\"elementor-widget-wrap elementor-element-populated\">\n\t\t\t\t\t\t<div class=\"elementor-element elementor-element-44451f5 elementor-widget elementor-widget-image\" data-id=\"44451f5\" data-element_type=\"widget\" data-widget_type=\"image.default\">\n\t\t\t\t<div class=\"elementor-widget-container\">\n\t\t\t\t\t\t\t\t\t\t\t\t\t\t\t<img fetchpriority=\"high\" decoding=\"async\" width=\"724\" height=\"1024\" src=\"https:\/\/canaanid.com\/wp-content\/uploads\/2023\/07\/FLYER-TROMBOSIS-1-724x1024.jpg\" class=\"attachment-large size-large wp-image-1625\" alt=\"\" srcset=\"https:\/\/canaanid.com\/wp-content\/uploads\/2023\/07\/FLYER-TROMBOSIS-1-724x1024.jpg 724w, https:\/\/canaanid.com\/wp-content\/uploads\/2023\/07\/FLYER-TROMBOSIS-1-212x300.jpg 212w, https:\/\/canaanid.com\/wp-content\/uploads\/2023\/07\/FLYER-TROMBOSIS-1-768x1086.jpg 768w, https:\/\/canaanid.com\/wp-content\/uploads\/2023\/07\/FLYER-TROMBOSIS-1-1086x1536.jpg 1086w, https:\/\/canaanid.com\/wp-content\/uploads\/2023\/07\/FLYER-TROMBOSIS-1.jpg 1414w\" sizes=\"(max-width: 724px) 100vw, 724px\" \/>\t\t\t\t\t\t\t\t\t\t\t\t\t\t\t<\/div>\n\t\t\t\t<\/div>\n\t\t\t\t\t<\/div>\n\t\t<\/div>\n\t\t\t\t<div class=\"elementor-column elementor-col-50 elementor-top-column elementor-element elementor-element-38328a6\" data-id=\"38328a6\" data-element_type=\"column\">\n\t\t\t<div class=\"elementor-widget-wrap elementor-element-populated\">\n\t\t\t\t\t\t<div class=\"elementor-element elementor-element-bf64758 elementor-widget elementor-widget-spacer\" data-id=\"bf64758\" data-element_type=\"widget\" data-widget_type=\"spacer.default\">\n\t\t\t\t<div class=\"elementor-widget-container\">\n\t\t\t\t\t\t\t<div class=\"elementor-spacer\">\n\t\t\t<div class=\"elementor-spacer-inner\"><\/div>\n\t\t<\/div>\n\t\t\t\t\t\t<\/div>\n\t\t\t\t<\/div>\n\t\t\t\t<div class=\"elementor-element elementor-element-96710c2 elementor-widget elementor-widget-heading\" data-id=\"96710c2\" data-element_type=\"widget\" data-widget_type=\"heading.default\">\n\t\t\t\t<div class=\"elementor-widget-container\">\n\t\t\t\t\t<h2 class=\"elementor-heading-title elementor-size-default\">TEST DE IDENTIFICACI\u00d3N DE RIESGO DE TROMBOSIS Y ENFERMEDAD CARDIOVASCULAR\n<\/h2>\t\t\t\t<\/div>\n\t\t\t\t<\/div>\n\t\t\t\t<div class=\"elementor-element elementor-element-6378e09 elementor-widget elementor-widget-text-editor\" data-id=\"6378e09\" data-element_type=\"widget\" data-widget_type=\"text-editor.default\">\n\t\t\t\t<div class=\"elementor-widget-container\">\n\t\t\t\t\t\t\t\t\t<p><b>ALGORITMO PREDICTIVO* <\/b>basado en un an\u00e1lisis en biopsia l\u00edquida (raspado bucal) de un conjunto de biomarcadores identificados (mutaciones puntuales en diferentes genes\/alelos) y respaldados a nivel cient\u00edfico y m\u00e9dico como factores determinantes del riesgo de trombosis y enfermedad cardio\/cerebro &#8211; vascular.<\/p>\t\t\t\t\t\t\t\t<\/div>\n\t\t\t\t<\/div>\n\t\t\t\t<section class=\"elementor-section elementor-inner-section elementor-element elementor-element-503e7d4 elementor-section-boxed elementor-section-height-default elementor-section-height-default\" data-id=\"503e7d4\" data-element_type=\"section\">\n\t\t\t\t\t\t<div class=\"elementor-container elementor-column-gap-default\">\n\t\t\t\t\t<div class=\"elementor-column elementor-col-50 elementor-inner-column elementor-element elementor-element-938bf74\" data-id=\"938bf74\" data-element_type=\"column\">\n\t\t\t<div class=\"elementor-widget-wrap elementor-element-populated\">\n\t\t\t\t\t\t<div class=\"elementor-element elementor-element-d55d302 elementor-view-default elementor-widget elementor-widget-icon\" data-id=\"d55d302\" data-element_type=\"widget\" data-widget_type=\"icon.default\">\n\t\t\t\t<div class=\"elementor-widget-container\">\n\t\t\t\t\t\t\t<div class=\"elementor-icon-wrapper\">\n\t\t\t<div class=\"elementor-icon\">\n\t\t\t<i aria-hidden=\"true\" class=\"fas fa-tint\"><\/i>\t\t\t<\/div>\n\t\t<\/div>\n\t\t\t\t\t\t<\/div>\n\t\t\t\t<\/div>\n\t\t\t\t<div class=\"elementor-element elementor-element-68d4665 elementor-widget elementor-widget-text-editor\" data-id=\"68d4665\" data-element_type=\"widget\" data-widget_type=\"text-editor.default\">\n\t\t\t\t<div class=\"elementor-widget-container\">\n\t\t\t\t\t\t\t\t\t<p>R\u00e1pida y clara interpretaci\u00f3n de los resultados.<\/p>\t\t\t\t\t\t\t\t<\/div>\n\t\t\t\t<\/div>\n\t\t\t\t\t<\/div>\n\t\t<\/div>\n\t\t\t\t<div class=\"elementor-column elementor-col-50 elementor-inner-column elementor-element elementor-element-b868760\" data-id=\"b868760\" data-element_type=\"column\">\n\t\t\t<div class=\"elementor-widget-wrap elementor-element-populated\">\n\t\t\t\t\t\t<div class=\"elementor-element elementor-element-3aa843d elementor-view-default elementor-widget elementor-widget-icon\" data-id=\"3aa843d\" data-element_type=\"widget\" data-widget_type=\"icon.default\">\n\t\t\t\t<div class=\"elementor-widget-container\">\n\t\t\t\t\t\t\t<div class=\"elementor-icon-wrapper\">\n\t\t\t<div class=\"elementor-icon\">\n\t\t\t<i aria-hidden=\"true\" class=\"fas fa-syringe\"><\/i>\t\t\t<\/div>\n\t\t<\/div>\n\t\t\t\t\t\t<\/div>\n\t\t\t\t<\/div>\n\t\t\t\t<div class=\"elementor-element elementor-element-63d095c elementor-widget elementor-widget-text-editor\" data-id=\"63d095c\" data-element_type=\"widget\" data-widget_type=\"text-editor.default\">\n\t\t\t\t<div class=\"elementor-widget-container\">\n\t\t\t\t\t\t\t\t\t<p>Uso de muestras no invasivas.<\/p>\t\t\t\t\t\t\t\t<\/div>\n\t\t\t\t<\/div>\n\t\t\t\t\t<\/div>\n\t\t<\/div>\n\t\t\t\t\t<\/div>\n\t\t<\/section>\n\t\t\t\t<section class=\"elementor-section elementor-inner-section elementor-element elementor-element-4c4ade2 elementor-section-boxed elementor-section-height-default elementor-section-height-default\" data-id=\"4c4ade2\" data-element_type=\"section\">\n\t\t\t\t\t\t<div class=\"elementor-container elementor-column-gap-default\">\n\t\t\t\t\t<div class=\"elementor-column elementor-col-50 elementor-inner-column elementor-element elementor-element-ecfb8f8\" data-id=\"ecfb8f8\" data-element_type=\"column\">\n\t\t\t<div class=\"elementor-widget-wrap elementor-element-populated\">\n\t\t\t\t\t\t<div class=\"elementor-element elementor-element-c843b4d elementor-view-default elementor-widget elementor-widget-icon\" data-id=\"c843b4d\" data-element_type=\"widget\" data-widget_type=\"icon.default\">\n\t\t\t\t<div class=\"elementor-widget-container\">\n\t\t\t\t\t\t\t<div class=\"elementor-icon-wrapper\">\n\t\t\t<div class=\"elementor-icon\">\n\t\t\t<i aria-hidden=\"true\" class=\"fas fa-check-double\"><\/i>\t\t\t<\/div>\n\t\t<\/div>\n\t\t\t\t\t\t<\/div>\n\t\t\t\t<\/div>\n\t\t\t\t<div class=\"elementor-element elementor-element-8643b74 elementor-widget elementor-widget-text-editor\" data-id=\"8643b74\" data-element_type=\"widget\" data-widget_type=\"text-editor.default\">\n\t\t\t\t<div class=\"elementor-widget-container\">\n\t\t\t\t\t\t\t\t\t<p>M\u00e9todo \u00fanico y 100 % propio.<\/p>\t\t\t\t\t\t\t\t<\/div>\n\t\t\t\t<\/div>\n\t\t\t\t\t<\/div>\n\t\t<\/div>\n\t\t\t\t<div class=\"elementor-column elementor-col-50 elementor-inner-column elementor-element elementor-element-639f945\" data-id=\"639f945\" data-element_type=\"column\">\n\t\t\t<div class=\"elementor-widget-wrap elementor-element-populated\">\n\t\t\t\t\t\t<div class=\"elementor-element elementor-element-1db8b7f elementor-view-default elementor-widget elementor-widget-icon\" data-id=\"1db8b7f\" data-element_type=\"widget\" data-widget_type=\"icon.default\">\n\t\t\t\t<div class=\"elementor-widget-container\">\n\t\t\t\t\t\t\t<div class=\"elementor-icon-wrapper\">\n\t\t\t<div class=\"elementor-icon\">\n\t\t\t<i aria-hidden=\"true\" class=\"fas fa-stethoscope\"><\/i>\t\t\t<\/div>\n\t\t<\/div>\n\t\t\t\t\t\t<\/div>\n\t\t\t\t<\/div>\n\t\t\t\t<div class=\"elementor-element elementor-element-c74bb37 elementor-widget elementor-widget-text-editor\" data-id=\"c74bb37\" data-element_type=\"widget\" data-widget_type=\"text-editor.default\">\n\t\t\t\t<div class=\"elementor-widget-container\">\n\t\t\t\t\t\t\t\t\t<p>Diagn\u00f3stico preventivo.<\/p>\t\t\t\t\t\t\t\t<\/div>\n\t\t\t\t<\/div>\n\t\t\t\t\t<\/div>\n\t\t<\/div>\n\t\t\t\t\t<\/div>\n\t\t<\/section>\n\t\t\t\t\t<\/div>\n\t\t<\/div>\n\t\t\t\t\t<\/div>\n\t\t<\/section>\n\t\t\t\t<section class=\"elementor-section elementor-top-section elementor-element elementor-element-0613e20 elementor-section-boxed elementor-section-height-default elementor-section-height-default\" data-id=\"0613e20\" data-element_type=\"section\" data-settings=\"{&quot;background_background&quot;:&quot;classic&quot;}\">\n\t\t\t\t\t\t<div class=\"elementor-container elementor-column-gap-default\">\n\t\t\t\t\t<div class=\"elementor-column elementor-col-50 elementor-top-column elementor-element elementor-element-b38997d\" data-id=\"b38997d\" data-element_type=\"column\">\n\t\t\t<div class=\"elementor-widget-wrap elementor-element-populated\">\n\t\t\t\t\t\t<div class=\"elementor-element elementor-element-5f12962 elementor-widget elementor-widget-text-editor\" data-id=\"5f12962\" data-element_type=\"widget\" data-widget_type=\"text-editor.default\">\n\t\t\t\t<div class=\"elementor-widget-container\">\n\t\t\t\t\t\t\t\t\t<p><b>Test de detecci\u00f3n de mutaciones en 30 secuencias de genes mediante la Plataforma <\/b><b>RTqPCR<\/b><b> de MiRNAX <\/b><\/p><p><u><a href=\"https:\/\/patentimages.storage.googleapis.com\/7d\/d6\/92\/2fdfda7245447f\/WO2013017702A1.pdf\">WO2013017702A1.pdf (storage.googleapis.com)<\/a><\/u><\/p><p><b>+<\/b><\/p><p><b>ALGORITMO<\/b><b> preciso para c\u00e1lculo a 10 a\u00f1os del riesgo de padecer un problema cardio o cerebrovascular<\/b><\/p><p>Correlaci\u00f3n de factores: edad, sexo, raza, colesterol, tensi\u00f3n arterial, antecedentes de tabaquismo y diabetes.<\/p>\t\t\t\t\t\t\t\t<\/div>\n\t\t\t\t<\/div>\n\t\t\t\t\t<\/div>\n\t\t<\/div>\n\t\t\t\t<div class=\"elementor-column elementor-col-50 elementor-top-column elementor-element elementor-element-d638de5\" data-id=\"d638de5\" data-element_type=\"column\" data-settings=\"{&quot;background_background&quot;:&quot;classic&quot;}\">\n\t\t\t<div class=\"elementor-widget-wrap elementor-element-populated\">\n\t\t\t\t\t\t<div class=\"elementor-element elementor-element-5c95e66 elementor-widget elementor-widget-image\" data-id=\"5c95e66\" data-element_type=\"widget\" data-widget_type=\"image.default\">\n\t\t\t\t<div class=\"elementor-widget-container\">\n\t\t\t\t\t\t\t\t\t\t\t\t\t\t\t<img decoding=\"async\" width=\"235\" height=\"165\" src=\"https:\/\/canaanid.com\/wp-content\/uploads\/2023\/07\/Imagen1.jpg\" class=\"attachment-large size-large wp-image-1629\" alt=\"\" \/>\t\t\t\t\t\t\t\t\t\t\t\t\t\t\t<\/div>\n\t\t\t\t<\/div>\n\t\t\t\t\t<\/div>\n\t\t<\/div>\n\t\t\t\t\t<\/div>\n\t\t<\/section>\n\t\t\t\t<section class=\"elementor-section elementor-top-section elementor-element elementor-element-ee530dc elementor-section-boxed elementor-section-height-default elementor-section-height-default\" data-id=\"ee530dc\" data-element_type=\"section\">\n\t\t\t\t\t\t<div class=\"elementor-container elementor-column-gap-default\">\n\t\t\t\t\t<div class=\"elementor-column elementor-col-100 elementor-top-column elementor-element elementor-element-f91fdc5\" data-id=\"f91fdc5\" data-element_type=\"column\">\n\t\t\t<div class=\"elementor-widget-wrap elementor-element-populated\">\n\t\t\t\t\t\t<div class=\"elementor-element elementor-element-e50ca65 elementor-widget elementor-widget-text-editor\" data-id=\"e50ca65\" data-element_type=\"widget\" data-widget_type=\"text-editor.default\">\n\t\t\t\t<div class=\"elementor-widget-container\">\n\t\t\t\t\t\t\t\t\t<p><strong>RESULTADOS:<br \/><\/strong><br \/>El informe de resultados proporcionar\u00e1 una estimaci\u00f3n precisa de dos tipos de riesgo:<br \/>1.- El riesgo de enfermedad cardiovascular ateroscler\u00f3tica, para establecer el riesgo objetivo de flujo sangu\u00edneo reducido al coraz\u00f3n, cerebro o como resultado de un co\u00e1gulo de sangre (trombosis) o acumulaci\u00f3n de dep\u00f3sitos de grasa dentro de las arterias que provocan su endurecimiento y estrechamiento (aterosclerosis).<br \/>2.- El riesgo de accidente cerebrovascular e infarto de miocardio, para establecer el riesgo de un evento que ocurre cuando una o m\u00e1s \u00e1reas del cerebro o del m\u00fasculo card\u00edaco no reciben suficiente ox\u00edgeno como resultado del bloqueo total o parcial del flujo sangu\u00edneo.<\/p>\t\t\t\t\t\t\t\t<\/div>\n\t\t\t\t<\/div>\n\t\t\t\t\t<\/div>\n\t\t<\/div>\n\t\t\t\t\t<\/div>\n\t\t<\/section>\n\t\t\t\t<section class=\"elementor-section elementor-top-section elementor-element elementor-element-6c8bfdb elementor-section-boxed elementor-section-height-default elementor-section-height-default\" data-id=\"6c8bfdb\" data-element_type=\"section\" data-settings=\"{&quot;background_background&quot;:&quot;classic&quot;}\">\n\t\t\t\t\t\t<div class=\"elementor-container elementor-column-gap-default\">\n\t\t\t\t\t<div class=\"elementor-column elementor-col-100 elementor-top-column elementor-element elementor-element-ddb4d15\" data-id=\"ddb4d15\" data-element_type=\"column\">\n\t\t\t<div class=\"elementor-widget-wrap elementor-element-populated\">\n\t\t\t\t\t\t<div class=\"elementor-element elementor-element-1ac53e6 elementor-widget elementor-widget-text-editor\" data-id=\"1ac53e6\" data-element_type=\"widget\" data-widget_type=\"text-editor.default\">\n\t\t\t\t<div class=\"elementor-widget-container\">\n\t\t\t\t\t\t\t\t\t<p>Este test puede ofrecerse de forma integral o desglosarse en tres tests individuales:<\/p><ul><li>Test de riesgo de ictus, aneurisma intracraneal y muerte s\u00fabita.<\/li><li>Test de riesgo de episodios card\u00edacos e infarto.<\/li><li>Test de riesgo vascular y procesos trombo-emb\u00f3licos.<\/li><\/ul>\t\t\t\t\t\t\t\t<\/div>\n\t\t\t\t<\/div>\n\t\t\t\t<div class=\"elementor-element elementor-element-18d14eb elementor-align-center elementor-widget elementor-widget-button\" data-id=\"18d14eb\" data-element_type=\"widget\" data-widget_type=\"button.default\">\n\t\t\t\t<div class=\"elementor-widget-container\">\n\t\t\t\t\t\t\t\t\t<div class=\"elementor-button-wrapper\">\n\t\t\t\t\t<a class=\"elementor-button elementor-button-link elementor-size-sm\" href=\"https:\/\/canaanid.com\/index.php\/mirnax-biosens\/\">\n\t\t\t\t\t\t<span class=\"elementor-button-content-wrapper\">\n\t\t\t\t\t\t\t\t\t<span class=\"elementor-button-text\">SABER M\u00c1S DE MIRNAX BIOSENS<\/span>\n\t\t\t\t\t<\/span>\n\t\t\t\t\t<\/a>\n\t\t\t\t<\/div>\n\t\t\t\t\t\t\t\t<\/div>\n\t\t\t\t<\/div>\n\t\t\t\t\t<\/div>\n\t\t<\/div>\n\t\t\t\t\t<\/div>\n\t\t<\/section>\n\t\t\t\t<\/div>\n\t\t","protected":false},"excerpt":{"rendered":"<p>TEST DE IDENTIFICACI\u00d3N DE RIESGO DE TROMBOSIS Y ENFERMEDAD CARDIOVASCULAR ALGORITMO PREDICTIVO* basado en un an\u00e1lisis en biopsia l\u00edquida (raspado bucal) de un conjunto de biomarcadores identificados (mutaciones puntuales en diferentes genes\/alelos) y respaldados a nivel cient\u00edfico y m\u00e9dico como factores determinantes del riesgo de trombosis y enfermedad cardio\/cerebro &#8211; vascular. R\u00e1pida y clara interpretaci\u00f3n [&hellip;]<\/p>\n","protected":false},"author":2,"featured_media":0,"parent":0,"menu_order":0,"comment_status":"closed","ping_status":"closed","template":"","meta":{"footnotes":""},"class_list":["post-1605","page","type-page","status-publish","hentry"],"_links":{"self":[{"href":"https:\/\/canaanid.com\/index.php\/wp-json\/wp\/v2\/pages\/1605","targetHints":{"allow":["GET"]}}],"collection":[{"href":"https:\/\/canaanid.com\/index.php\/wp-json\/wp\/v2\/pages"}],"about":[{"href":"https:\/\/canaanid.com\/index.php\/wp-json\/wp\/v2\/types\/page"}],"author":[{"embeddable":true,"href":"https:\/\/canaanid.com\/index.php\/wp-json\/wp\/v2\/users\/2"}],"replies":[{"embeddable":true,"href":"https:\/\/canaanid.com\/index.php\/wp-json\/wp\/v2\/comments?post=1605"}],"version-history":[{"count":13,"href":"https:\/\/canaanid.com\/index.php\/wp-json\/wp\/v2\/pages\/1605\/revisions"}],"predecessor-version":[{"id":1632,"href":"https:\/\/canaanid.com\/index.php\/wp-json\/wp\/v2\/pages\/1605\/revisions\/1632"}],"wp:attachment":[{"href":"https:\/\/canaanid.com\/index.php\/wp-json\/wp\/v2\/media?parent=1605"}],"curies":[{"name":"wp","href":"https:\/\/api.w.org\/{rel}","templated":true}]}}