{"id":1533,"date":"2023-06-30T08:40:31","date_gmt":"2023-06-30T08:40:31","guid":{"rendered":"https:\/\/canaanid.com\/?page_id=1533"},"modified":"2023-06-30T10:42:49","modified_gmt":"2023-06-30T10:42:49","slug":"derma","status":"publish","type":"page","link":"https:\/\/canaanid.com\/index.php\/derma\/","title":{"rendered":"Derma"},"content":{"rendered":"\t\t<div data-elementor-type=\"wp-page\" data-elementor-id=\"1533\" class=\"elementor elementor-1533\" data-elementor-post-type=\"page\">\n\t\t\t\t\t\t<section class=\"elementor-section elementor-top-section elementor-element elementor-element-a44ecad elementor-section-boxed elementor-section-height-default elementor-section-height-default\" data-id=\"a44ecad\" data-element_type=\"section\">\n\t\t\t\t\t\t<div class=\"elementor-container elementor-column-gap-default\">\n\t\t\t\t\t<div class=\"elementor-column elementor-col-100 elementor-top-column elementor-element elementor-element-35a603b\" data-id=\"35a603b\" data-element_type=\"column\">\n\t\t\t<div class=\"elementor-widget-wrap elementor-element-populated\">\n\t\t\t\t\t\t<div class=\"elementor-element elementor-element-01abf9b elementor-widget elementor-widget-heading\" data-id=\"01abf9b\" data-element_type=\"widget\" data-widget_type=\"heading.default\">\n\t\t\t\t<div class=\"elementor-widget-container\">\n\t\t\t\t\t<h2 class=\"elementor-heading-title elementor-size-default\">Derma Innovate se encuentra en la fase final para comercializar su sistema de regeneraci\u00f3n capilar<\/h2>\t\t\t\t<\/div>\n\t\t\t\t<\/div>\n\t\t\t\t<div class=\"elementor-element elementor-element-634f242 elementor-widget elementor-widget-image\" data-id=\"634f242\" data-element_type=\"widget\" data-widget_type=\"image.default\">\n\t\t\t\t<div class=\"elementor-widget-container\">\n\t\t\t\t\t\t\t\t\t\t\t\t\t\t\t<img fetchpriority=\"high\" decoding=\"async\" width=\"300\" height=\"199\" src=\"https:\/\/canaanid.com\/wp-content\/uploads\/2022\/09\/pexels-pixabay-256262-300x199.jpg\" class=\"attachment-medium size-medium wp-image-815\" alt=\"\" srcset=\"https:\/\/canaanid.com\/wp-content\/uploads\/2022\/09\/pexels-pixabay-256262-300x199.jpg 300w, https:\/\/canaanid.com\/wp-content\/uploads\/2022\/09\/pexels-pixabay-256262-1024x680.jpg 1024w, https:\/\/canaanid.com\/wp-content\/uploads\/2022\/09\/pexels-pixabay-256262-768x510.jpg 768w, https:\/\/canaanid.com\/wp-content\/uploads\/2022\/09\/pexels-pixabay-256262-1536x1020.jpg 1536w, https:\/\/canaanid.com\/wp-content\/uploads\/2022\/09\/pexels-pixabay-256262-2048x1359.jpg 2048w\" sizes=\"(max-width: 300px) 100vw, 300px\" \/>\t\t\t\t\t\t\t\t\t\t\t\t\t\t\t<\/div>\n\t\t\t\t<\/div>\n\t\t\t\t<div class=\"elementor-element elementor-element-f086b0a elementor-widget elementor-widget-text-editor\" data-id=\"f086b0a\" data-element_type=\"widget\" data-widget_type=\"text-editor.default\">\n\t\t\t\t<div class=\"elementor-widget-container\">\n\t\t\t\t\t\t\t\t\t<p>Derma Innovate, l\u00edder en el desarrollo de soluciones para la regeneraci\u00f3n capilar, se encuentra en la etapa final de su proyecto para lanzar al mercado un revolucionario sistema de regeneraci\u00f3n capilar. La empresa ha desarrollado una tecnolog\u00eda de fotoestimulaci\u00f3n capilar que ha mostrado resultados prometedores en potenciar el crecimiento del pelo y mejorar la eficacia de los trasplantes capilares.<\/p><p>La tecnolog\u00eda de Derma Innovate se basa en un sistema que consta de un medio de cultivo, un compuesto fotosensible y un dispositivo automatizado para la estimulaci\u00f3n ex vivo de los fol\u00edculos pilosos. Mediante un riguroso proceso de investigaci\u00f3n y desarrollo, la empresa valid\u00f3 la eficacia de esta tecnolog\u00eda en un primer ensayo cl\u00ednico en colaboraci\u00f3n con el Instituto Ram\u00f3n y Cajal de Investigaci\u00f3n Sanitaria (IRYCIS). Actualmente, ya disponemos del primer prototipo, desarrollado en colaboraci\u00f3n con el Instituto Tecnol\u00f3gico de Canarias (ITC), para trasplante capilar que integra la tecnolog\u00eda de la empresa.<\/p><p>Derma Innovate ha firmado un acuerdo de colaboraci\u00f3n con Cl\u00ednica Esbeltia, una cl\u00ednica est\u00e9tica y de trasplante capilar altamente reconocida en M\u00e1laga. El objetivo de esta colaboraci\u00f3n es llevar a cabo un ensayo cl\u00ednico para validar el prototipo desarrollado en conjunto con el Instituto Tecnol\u00f3gico Canario (ITC). La experiencia y prestigio de Cl\u00ednica Esbeltia en el campo de los trasplantes capilares garantizan una evaluaci\u00f3n rigurosa y confiable del nuevo sistema de regeneraci\u00f3n capilar.<\/p><p>\u00abEn Derma Innovate, nos hemos comprometido a ofrecer soluciones innovadoras que mejoren la calidad de vida de los pacientes y reduzcan los costes asociados a los tratamientos capilares\u00bb, afirm\u00f3 Youness Ouahid, CEO de Derma Innovate. \u00abEstamos entusiasmados con los avances logrados hasta ahora y confiamos en que nuestro sistema de regeneraci\u00f3n capilar tendr\u00e1 un impacto significativo en el campo de la salud capilar\u00bb.El sistema de regeneraci\u00f3n capilar de Derma Innovate tiene como objetivo proporcionar una soluci\u00f3n efectiva y segura para los pacientes que buscan mejorar la densidad y el crecimiento del cabello. Con su enfoque innovador y los resultados prometedores obtenidos en los ensayos cl\u00ednicos iniciales, Derma Innovate se posiciona como un referente en la industria de la regeneraci\u00f3n capilar.<\/p>\t\t\t\t\t\t\t\t<\/div>\n\t\t\t\t<\/div>\n\t\t\t\t\t<\/div>\n\t\t<\/div>\n\t\t\t\t\t<\/div>\n\t\t<\/section>\n\t\t\t\t<\/div>\n\t\t","protected":false},"excerpt":{"rendered":"<p>Derma Innovate se encuentra en la fase final para comercializar su sistema de regeneraci\u00f3n capilar Derma Innovate, l\u00edder en el desarrollo de soluciones para la regeneraci\u00f3n capilar, se encuentra en la etapa final de su proyecto para lanzar al mercado un revolucionario sistema de regeneraci\u00f3n capilar. La empresa ha desarrollado una tecnolog\u00eda de fotoestimulaci\u00f3n capilar [&hellip;]<\/p>\n","protected":false},"author":2,"featured_media":0,"parent":0,"menu_order":0,"comment_status":"closed","ping_status":"closed","template":"","meta":{"footnotes":""},"class_list":["post-1533","page","type-page","status-publish","hentry"],"_links":{"self":[{"href":"https:\/\/canaanid.com\/index.php\/wp-json\/wp\/v2\/pages\/1533","targetHints":{"allow":["GET"]}}],"collection":[{"href":"https:\/\/canaanid.com\/index.php\/wp-json\/wp\/v2\/pages"}],"about":[{"href":"https:\/\/canaanid.com\/index.php\/wp-json\/wp\/v2\/types\/page"}],"author":[{"embeddable":true,"href":"https:\/\/canaanid.com\/index.php\/wp-json\/wp\/v2\/users\/2"}],"replies":[{"embeddable":true,"href":"https:\/\/canaanid.com\/index.php\/wp-json\/wp\/v2\/comments?post=1533"}],"version-history":[{"count":8,"href":"https:\/\/canaanid.com\/index.php\/wp-json\/wp\/v2\/pages\/1533\/revisions"}],"predecessor-version":[{"id":1576,"href":"https:\/\/canaanid.com\/index.php\/wp-json\/wp\/v2\/pages\/1533\/revisions\/1576"}],"wp:attachment":[{"href":"https:\/\/canaanid.com\/index.php\/wp-json\/wp\/v2\/media?parent=1533"}],"curies":[{"name":"wp","href":"https:\/\/api.w.org\/{rel}","templated":true}]}}