{"id":1514,"date":"2023-08-02T15:19:03","date_gmt":"2023-08-02T15:19:03","guid":{"rendered":"https:\/\/canaanid.com\/?page_id=1514"},"modified":"2023-08-02T15:19:59","modified_gmt":"2023-08-02T15:19:59","slug":"borrador-automatico-2","status":"publish","type":"page","link":"https:\/\/canaanid.com\/index.php\/borrador-automatico-2\/","title":{"rendered":"PRIVACIDAD"},"content":{"rendered":"\t\t<div data-elementor-type=\"wp-page\" data-elementor-id=\"1514\" class=\"elementor elementor-1514\" data-elementor-post-type=\"page\">\n\t\t\t\t\t\t<section class=\"elementor-section elementor-top-section elementor-element elementor-element-61f7862 elementor-section-boxed elementor-section-height-default elementor-section-height-default\" data-id=\"61f7862\" data-element_type=\"section\">\n\t\t\t\t\t\t<div class=\"elementor-container elementor-column-gap-default\">\n\t\t\t\t\t<div class=\"elementor-column elementor-col-100 elementor-top-column elementor-element elementor-element-9c5849e\" data-id=\"9c5849e\" data-element_type=\"column\">\n\t\t\t<div class=\"elementor-widget-wrap elementor-element-populated\">\n\t\t\t\t\t\t<div class=\"elementor-element elementor-element-0e907f1 elementor-widget elementor-widget-text-editor\" data-id=\"0e907f1\" data-element_type=\"widget\" data-widget_type=\"text-editor.default\">\n\t\t\t\t<div class=\"elementor-widget-container\">\n\t\t\t\t\t\t\t\t\t<p><strong>POL\u00cdTICA DE PRIVACIDAD<\/strong><\/p><ol><li><strong> INFORMACI\u00d3N AL USUARIO<\/strong><\/li><\/ol><p><strong>CANAAN RESEARCH &amp; INVESTMENT SL, <\/strong>\u00a0en adelante RESPONSABLE, es el Responsable del tratamiento de los\u00a0datos personales del Usuario y le informa que estos datos ser\u00e1n tratados de conformidad con lo\u00a0dispuesto en el Reglamento (UE) 2016\/679 de 27 de abril de 2016 (GDPR) relativo a la protecci\u00f3n de\u00a0las personas f\u00edsicas en lo que respecta al tratamiento de datos personales y a la libre circulaci\u00f3n de\u00a0estos datos, por lo que se le facilita la siguiente informaci\u00f3n del tratamiento:<\/p><p><strong>Fin del tratamiento:\u00a0<\/strong>mantener una relaci\u00f3n comercial con el Usuario. Las operaciones previstas para realizar el tratamiento son:<\/p><ul><li>Remisi\u00f3n de comunicaciones comerciales publicitarias por email, fax, SMS, MMS,\u00a0comunidades sociales o cualquier otro medio electr\u00f3nico o f\u00edsico, presente o futuro, que\u00a0posibilite realizar comunicaciones comerciales. Estas comunicaciones ser\u00e1n realizadas por\u00a0el RESPONSABLE y relacionadas sobre sus productos y servicios, o de sus colaboradores o\u00a0proveedores con los que \u00e9ste haya alcanzado alg\u00fan acuerdo de promoci\u00f3n. En este caso, los\u00a0terceros nunca tendr\u00e1n acceso a los datos personales.<\/li><li>Realizar estudios estad\u00edsticos.<\/li><li>Tramitar encargos, solicitudes o cualquier tipo de petici\u00f3n que sea realizada por el usuario a\u00a0trav\u00e9s de cualquiera de las formas de contacto que se ponen a su disposici\u00f3n.<\/li><li>Remitir el bolet\u00edn de noticias de la p\u00e1gina web.<\/li><\/ul><p><strong>Base jur\u00eddica del tratamiento<\/strong>: consentimiento del interesado.<\/p><p><strong>Criterios de conservaci\u00f3n de los datos:<\/strong>\u00a0se conservar\u00e1n mientras exista un inter\u00e9s mutuo para\u00a0mantener el fin del tratamiento y cuando ya no sea necesario para tal fin, se suprimir\u00e1n con medidas\u00a0de seguridad adecuadas para garantizar la seudonimizaci\u00f3n de los datos o la destrucci\u00f3n total de los\u00a0mismos.<\/p><p><strong>Comunicaci\u00f3n de los datos<\/strong>: No se comunicar\u00e1n los datos a terceros, salvo obligaci\u00f3n legal.<\/p><p><strong>Derechos que asisten al Usuario:<\/strong><\/p><ul><li>Derecho a retirar el consentimiento en cualquier momento.<\/li><li>Derecho de acceso, rectificaci\u00f3n, portabilidad y supresi\u00f3n de sus datos y a la limitaci\u00f3n u\u00a0oposici\u00f3n al su tratamiento.<\/li><li>Derecho a presentar una reclamaci\u00f3n ante la autoridad de control (www.aepd.es) si considera\u00a0que el tratamiento no se ajusta a la normativa vigente.<\/li><\/ul><p><strong>Datos de contacto para ejercer sus derechos:<\/strong><\/p><p><br \/>Nombre comercial: \u00a0\u00a0\u00a0 CANAAN<\/p><p>Denominaci\u00f3n social: \u00a0\u00a0\u00a0\u00a0\u00a0\u00a0\u00a0\u00a0\u00a0\u00a0<\/p><p>CANAAN RESEARCH &amp; INVESTMENT SL<\/p><p>NIF:<\/p><p>\u00a0B87162335<\/p><p>Domicilio Social: C\/ Bol\u00edvar 17, Portal E 1\u00ba A 28079 Madrid<\/p><p>e-mail: administracion@canaanrd.com<\/p><p>Inscrita en el registro mercantil:\u00a0 RM Madrid Tomo 32.998 Folio 115 n.\u00ba Hoja Registral 593996<\/p><p>\u00a0<\/p><p>CANAAN RESEARCH &amp; INVESTMENT SL, S.L.<\/p><ol start=\"2\"><li><strong> CAR\u00c1CTER OBLIGATORIO O FACULTATIVO DE LA INFORMACI\u00d3N FACILITADA POR EL\u00a0USUARIO<\/strong><\/li><\/ol><p>Los Usuarios, mediante la marcaci\u00f3n de las casillas correspondientes y entrada de datos en los\u00a0campos, marcados con un asterisco (*) en el formulario de contacto o presentados en formularios de\u00a0descarga, aceptan expresamente y de forma libre e inequ\u00edvoca, que sus datos son necesarios para\u00a0atender su petici\u00f3n, por parte del prestador, siendo voluntaria la inclusi\u00f3n de datos en los campos\u00a0restantes. El Usuario garantiza que los datos personales facilitados al RESPONSABLE son veraces y\u00a0se hace responsable de comunicar cualquier modificaci\u00f3n de los mismos.\u00a0El RESPONSABLE informa y garantiza expresamente a los usuarios que sus datos personales no\u00a0ser\u00e1n cedidos en ning\u00fan caso a terceros, y que siempre que realizara alg\u00fan tipo de cesi\u00f3n de datos\u00a0personales, se pedir\u00e1 previamente el consentimiento expreso, informado e inequ\u00edvoco por parte los\u00a0Usuarios. Todos los datos solicitados a trav\u00e9s del sitio web son obligatorios, ya que son necesarios\u00a0para la prestaci\u00f3n de un servicio \u00f3ptimo al Usuario. En caso de que no sean facilitados todos los datos,\u00a0no se garantiza que la informaci\u00f3n y servicios facilitados sean completamente ajustados a sus\u00a0necesidades.<\/p><ol start=\"3\"><li><strong> MEDIDAS DE SEGURIDAD<\/strong><\/li><\/ol><p>Que de conformidad con lo dispuesto en las normativas vigentes en protecci\u00f3n de datos personales, el\u00a0RESPONSABLE est\u00e1 cumpliendo con todas las disposiciones de las normativas GDPR para el\u00a0tratamiento de los datos personales de su responsabilidad, y manifiestamente con los principios\u00a0descritos en el art\u00edculo 5 del GDPR, por los cuales son tratados de manera l\u00edcita, leal y transparente en\u00a0relaci\u00f3n con el interesado y adecuados, pertinentes y limitados a lo necesario en relaci\u00f3n con los fines\u00a0para los que son tratados.<\/p><p>El RESPONSABLE garantiza que ha implementado pol\u00edticas t\u00e9cnicas y organizativas apropiadas para\u00a0aplicar las medidas de seguridad que establecen el GDPR con el fin de proteger los derechos y\u00a0libertades de los Usuarios y les ha comunicado la informaci\u00f3n adecuada para que puedan ejercerlos.<\/p><p>\u00a0<\/p>\t\t\t\t\t\t\t\t<\/div>\n\t\t\t\t<\/div>\n\t\t\t\t\t<\/div>\n\t\t<\/div>\n\t\t\t\t\t<\/div>\n\t\t<\/section>\n\t\t\t\t<\/div>\n\t\t","protected":false},"excerpt":{"rendered":"<p>POL\u00cdTICA DE PRIVACIDAD INFORMACI\u00d3N AL USUARIO CANAAN RESEARCH &amp; INVESTMENT SL, &nbsp;en adelante RESPONSABLE, es el Responsable del tratamiento de los&nbsp;datos personales del Usuario y le informa que estos datos ser\u00e1n tratados de conformidad con lo&nbsp;dispuesto en el Reglamento (UE) 2016\/679 de 27 de abril de 2016 (GDPR) relativo a la protecci\u00f3n de&nbsp;las personas f\u00edsicas [&hellip;]<\/p>\n","protected":false},"author":2,"featured_media":0,"parent":0,"menu_order":0,"comment_status":"closed","ping_status":"closed","template":"","meta":{"footnotes":""},"class_list":["post-1514","page","type-page","status-publish","hentry"],"_links":{"self":[{"href":"https:\/\/canaanid.com\/index.php\/wp-json\/wp\/v2\/pages\/1514","targetHints":{"allow":["GET"]}}],"collection":[{"href":"https:\/\/canaanid.com\/index.php\/wp-json\/wp\/v2\/pages"}],"about":[{"href":"https:\/\/canaanid.com\/index.php\/wp-json\/wp\/v2\/types\/page"}],"author":[{"embeddable":true,"href":"https:\/\/canaanid.com\/index.php\/wp-json\/wp\/v2\/users\/2"}],"replies":[{"embeddable":true,"href":"https:\/\/canaanid.com\/index.php\/wp-json\/wp\/v2\/comments?post=1514"}],"version-history":[{"count":5,"href":"https:\/\/canaanid.com\/index.php\/wp-json\/wp\/v2\/pages\/1514\/revisions"}],"predecessor-version":[{"id":1653,"href":"https:\/\/canaanid.com\/index.php\/wp-json\/wp\/v2\/pages\/1514\/revisions\/1653"}],"wp:attachment":[{"href":"https:\/\/canaanid.com\/index.php\/wp-json\/wp\/v2\/media?parent=1514"}],"curies":[{"name":"wp","href":"https:\/\/api.w.org\/{rel}","templated":true}]}}