{"id":1288,"date":"2022-12-02T09:30:27","date_gmt":"2022-12-02T09:30:27","guid":{"rendered":"https:\/\/canaanid.com\/?page_id=1288"},"modified":"2022-12-02T12:14:18","modified_gmt":"2022-12-02T12:14:18","slug":"noticia-mirnax","status":"publish","type":"page","link":"https:\/\/canaanid.com\/index.php\/noticia-mirnax\/","title":{"rendered":"NOTICIA MIRNAX"},"content":{"rendered":"\t\t<div data-elementor-type=\"wp-page\" data-elementor-id=\"1288\" class=\"elementor elementor-1288\" data-elementor-post-type=\"page\">\n\t\t\t\t\t\t<section class=\"elementor-section elementor-top-section elementor-element elementor-element-5dd32c0 elementor-section-boxed elementor-section-height-default elementor-section-height-default\" data-id=\"5dd32c0\" data-element_type=\"section\">\n\t\t\t\t\t\t<div class=\"elementor-container elementor-column-gap-default\">\n\t\t\t\t\t<div class=\"elementor-column elementor-col-100 elementor-top-column elementor-element elementor-element-782df41\" data-id=\"782df41\" data-element_type=\"column\">\n\t\t\t<div class=\"elementor-widget-wrap elementor-element-populated\">\n\t\t\t\t\t\t<div class=\"elementor-element elementor-element-f4e17da elementor-widget elementor-widget-heading\" data-id=\"f4e17da\" data-element_type=\"widget\" data-widget_type=\"heading.default\">\n\t\t\t\t<div class=\"elementor-widget-container\">\n\t\t\t\t\t<h2 class=\"elementor-heading-title elementor-size-default\">MiRNAX firma un acuerdo con el Jefe de Servicio de Urolog\u00eda del Hospital Puerta del Hierro de\nMajadahonda Madrid.<\/h2>\t\t\t\t<\/div>\n\t\t\t\t<\/div>\n\t\t\t\t\t<\/div>\n\t\t<\/div>\n\t\t\t\t\t<\/div>\n\t\t<\/section>\n\t\t\t\t<section class=\"elementor-section elementor-top-section elementor-element elementor-element-8ab9dd3 elementor-section-boxed elementor-section-height-default elementor-section-height-default\" data-id=\"8ab9dd3\" data-element_type=\"section\">\n\t\t\t\t\t\t<div class=\"elementor-container elementor-column-gap-default\">\n\t\t\t\t\t<div class=\"elementor-column elementor-col-50 elementor-top-column elementor-element elementor-element-b4c2a63\" data-id=\"b4c2a63\" data-element_type=\"column\">\n\t\t\t<div class=\"elementor-widget-wrap elementor-element-populated\">\n\t\t\t\t\t\t<div class=\"elementor-element elementor-element-38f2811 elementor-widget elementor-widget-image\" data-id=\"38f2811\" data-element_type=\"widget\" data-widget_type=\"image.default\">\n\t\t\t\t<div class=\"elementor-widget-container\">\n\t\t\t\t\t\t\t\t\t\t\t\t\t\t\t<img fetchpriority=\"high\" decoding=\"async\" width=\"768\" height=\"455\" src=\"https:\/\/canaanid.com\/wp-content\/uploads\/2022\/12\/IMG-20221202-WA0012-1-e1669973952943.jpg\" class=\"attachment-large size-large wp-image-1308\" alt=\"\" srcset=\"https:\/\/canaanid.com\/wp-content\/uploads\/2022\/12\/IMG-20221202-WA0012-1-e1669973952943.jpg 768w, https:\/\/canaanid.com\/wp-content\/uploads\/2022\/12\/IMG-20221202-WA0012-1-e1669973952943-300x178.jpg 300w\" sizes=\"(max-width: 768px) 100vw, 768px\" \/>\t\t\t\t\t\t\t\t\t\t\t\t\t\t\t<\/div>\n\t\t\t\t<\/div>\n\t\t\t\t\t<\/div>\n\t\t<\/div>\n\t\t\t\t<div class=\"elementor-column elementor-col-50 elementor-top-column elementor-element elementor-element-53076e6\" data-id=\"53076e6\" data-element_type=\"column\">\n\t\t\t<div class=\"elementor-widget-wrap elementor-element-populated\">\n\t\t\t\t\t\t<div class=\"elementor-element elementor-element-021f051 elementor-widget elementor-widget-text-editor\" data-id=\"021f051\" data-element_type=\"widget\" data-widget_type=\"text-editor.default\">\n\t\t\t\t<div class=\"elementor-widget-container\">\n\t\t\t\t\t\t\t\t\t<div class=\"document-page\" data-page=\"1\"><div class=\"pdf-page\"><div class=\"text-wrapper user-select-text\"><div data-canvas-width=\"565.9680000000001\">Mirnax Biosens, empresa del \u00e1rea del diagn\u00f3stico molecular participada por Canaan Research and Investment, firm\u00f3 ayer un acuerdo con el Jefe del Servicio de Urolog\u00eda del Hospital Puerta del<\/div><div data-canvas-width=\"565.4560000000005\">Hierro de Majadahonda, el Dr. Joaqu\u00edn Carballido, para la validaci\u00f3n cl\u00ednica del kit de diagn\u00f3stico de pr\u00f3stata.<\/div><div data-canvas-width=\"565.3440000000006\">\u00a0<\/div><div data-canvas-width=\"565.3440000000006\">El Dr. Carballido, catedr\u00e1tico de Cirug\u00eda y Director del Instituto de Investigaci\u00f3n (IDI-Uro) de la Fundaci\u00f3n para la Investigaci\u00f3n en Urolog\u00eda de la Asociaci\u00f3n Espa\u00f1ola de Urolog\u00eda, indica que este kit va a revolucionar el proceso asistencial en el servicio de urolog\u00eda relativo al seguimiento activo de c\u00e1ncer depr\u00f3stata.<\/div><div>\u200b<\/div><\/div><\/div><\/div><div class=\"document-page\" data-page=\"2\"><div class=\"pdf-page\"><div class=\"text-wrapper user-select-text\"><div data-canvas-width=\"556.7520000000003\">La firma se ha llevado a cabo en las instalaciones del Servicio de Urolog\u00eda del Hospital con la presencia de Enrique Sanz y Pablo Castan CEO de Canaan y Mirnax respectivamente.<\/div><\/div><\/div><\/div>\t\t\t\t\t\t\t\t<\/div>\n\t\t\t\t<\/div>\n\t\t\t\t\t<\/div>\n\t\t<\/div>\n\t\t\t\t\t<\/div>\n\t\t<\/section>\n\t\t\t\t<section class=\"elementor-section elementor-top-section elementor-element elementor-element-6eeba0c elementor-section-boxed elementor-section-height-default elementor-section-height-default\" data-id=\"6eeba0c\" data-element_type=\"section\">\n\t\t\t\t\t\t<div class=\"elementor-container elementor-column-gap-default\">\n\t\t\t\t\t<div class=\"elementor-column elementor-col-100 elementor-top-column elementor-element elementor-element-6b01fd5\" data-id=\"6b01fd5\" data-element_type=\"column\">\n\t\t\t<div class=\"elementor-widget-wrap\">\n\t\t\t\t\t\t\t<\/div>\n\t\t<\/div>\n\t\t\t\t\t<\/div>\n\t\t<\/section>\n\t\t\t\t<\/div>\n\t\t","protected":false},"excerpt":{"rendered":"<p>MiRNAX firma un acuerdo con el Jefe de Servicio de Urolog\u00eda del Hospital Puerta del Hierro de Majadahonda Madrid. Mirnax Biosens, empresa del \u00e1rea del diagn\u00f3stico molecular participada por Canaan Research and Investment, firm\u00f3 ayer un acuerdo con el Jefe del Servicio de Urolog\u00eda del Hospital Puerta delHierro de Majadahonda, el Dr. Joaqu\u00edn Carballido, para [&hellip;]<\/p>\n","protected":false},"author":2,"featured_media":0,"parent":0,"menu_order":0,"comment_status":"closed","ping_status":"closed","template":"","meta":{"footnotes":""},"class_list":["post-1288","page","type-page","status-publish","hentry"],"_links":{"self":[{"href":"https:\/\/canaanid.com\/index.php\/wp-json\/wp\/v2\/pages\/1288","targetHints":{"allow":["GET"]}}],"collection":[{"href":"https:\/\/canaanid.com\/index.php\/wp-json\/wp\/v2\/pages"}],"about":[{"href":"https:\/\/canaanid.com\/index.php\/wp-json\/wp\/v2\/types\/page"}],"author":[{"embeddable":true,"href":"https:\/\/canaanid.com\/index.php\/wp-json\/wp\/v2\/users\/2"}],"replies":[{"embeddable":true,"href":"https:\/\/canaanid.com\/index.php\/wp-json\/wp\/v2\/comments?post=1288"}],"version-history":[{"count":25,"href":"https:\/\/canaanid.com\/index.php\/wp-json\/wp\/v2\/pages\/1288\/revisions"}],"predecessor-version":[{"id":1325,"href":"https:\/\/canaanid.com\/index.php\/wp-json\/wp\/v2\/pages\/1288\/revisions\/1325"}],"wp:attachment":[{"href":"https:\/\/canaanid.com\/index.php\/wp-json\/wp\/v2\/media?parent=1288"}],"curies":[{"name":"wp","href":"https:\/\/api.w.org\/{rel}","templated":true}]}}