{"id":1264,"date":"2022-12-01T15:21:36","date_gmt":"2022-12-01T15:21:36","guid":{"rendered":"https:\/\/canaanid.com\/?page_id=1264"},"modified":"2022-12-01T15:25:23","modified_gmt":"2022-12-01T15:25:23","slug":"noticia-forchronic","status":"publish","type":"page","link":"https:\/\/canaanid.com\/index.php\/noticia-forchronic\/","title":{"rendered":"NOTICIA FORCHRONIC"},"content":{"rendered":"\t\t<div data-elementor-type=\"wp-page\" data-elementor-id=\"1264\" class=\"elementor elementor-1264\" data-elementor-post-type=\"page\">\n\t\t\t\t\t\t<section class=\"elementor-section elementor-top-section elementor-element elementor-element-c3a946e elementor-section-boxed elementor-section-height-default elementor-section-height-default\" data-id=\"c3a946e\" data-element_type=\"section\">\n\t\t\t\t\t\t<div class=\"elementor-container elementor-column-gap-default\">\n\t\t\t\t\t<div class=\"elementor-column elementor-col-100 elementor-top-column elementor-element elementor-element-12d58ec\" data-id=\"12d58ec\" data-element_type=\"column\">\n\t\t\t<div class=\"elementor-widget-wrap elementor-element-populated\">\n\t\t\t\t\t\t<div class=\"elementor-element elementor-element-8b2a92a elementor-widget elementor-widget-heading\" data-id=\"8b2a92a\" data-element_type=\"widget\" data-widget_type=\"heading.default\">\n\t\t\t\t<div class=\"elementor-widget-container\">\n\t\t\t\t\t<h2 class=\"elementor-heading-title elementor-size-default\">Forchronic, empresa participada por Canaan Research and Investment, ha finalizado con \u00e9xito un ensayo cl\u00ednico en m\u00e1s de 100 pacientes oncol\u00f3gicos con ONCOLIP.<\/h2>\t\t\t\t<\/div>\n\t\t\t\t<\/div>\n\t\t\t\t\t<\/div>\n\t\t<\/div>\n\t\t\t\t\t<\/div>\n\t\t<\/section>\n\t\t\t\t<section class=\"elementor-section elementor-top-section elementor-element elementor-element-5bead5f elementor-section-boxed elementor-section-height-default elementor-section-height-default\" data-id=\"5bead5f\" data-element_type=\"section\">\n\t\t\t\t\t\t<div class=\"elementor-container elementor-column-gap-default\">\n\t\t\t\t\t<div class=\"elementor-column elementor-col-50 elementor-top-column elementor-element elementor-element-3ed0dfd\" data-id=\"3ed0dfd\" data-element_type=\"column\">\n\t\t\t<div class=\"elementor-widget-wrap elementor-element-populated\">\n\t\t\t\t\t\t<div class=\"elementor-element elementor-element-2073f1f elementor-widget elementor-widget-image\" data-id=\"2073f1f\" data-element_type=\"widget\" data-widget_type=\"image.default\">\n\t\t\t\t<div class=\"elementor-widget-container\">\n\t\t\t\t\t\t\t\t\t\t\t\t\t\t\t<img fetchpriority=\"high\" decoding=\"async\" width=\"800\" height=\"446\" src=\"https:\/\/canaanid.com\/wp-content\/uploads\/2022\/12\/IMG-20220708-WA0044-1-e1669908317684-1024x571.jpg\" class=\"attachment-large size-large wp-image-1267\" alt=\"\" srcset=\"https:\/\/canaanid.com\/wp-content\/uploads\/2022\/12\/IMG-20220708-WA0044-1-e1669908317684-1024x571.jpg 1024w, https:\/\/canaanid.com\/wp-content\/uploads\/2022\/12\/IMG-20220708-WA0044-1-e1669908317684-300x167.jpg 300w, https:\/\/canaanid.com\/wp-content\/uploads\/2022\/12\/IMG-20220708-WA0044-1-e1669908317684-768x428.jpg 768w, https:\/\/canaanid.com\/wp-content\/uploads\/2022\/12\/IMG-20220708-WA0044-1-e1669908317684-1536x856.jpg 1536w, https:\/\/canaanid.com\/wp-content\/uploads\/2022\/12\/IMG-20220708-WA0044-1-e1669908317684.jpg 2048w\" sizes=\"(max-width: 800px) 100vw, 800px\" \/>\t\t\t\t\t\t\t\t\t\t\t\t\t\t\t<\/div>\n\t\t\t\t<\/div>\n\t\t\t\t\t<\/div>\n\t\t<\/div>\n\t\t\t\t<div class=\"elementor-column elementor-col-50 elementor-top-column elementor-element elementor-element-f963aa4\" data-id=\"f963aa4\" data-element_type=\"column\">\n\t\t\t<div class=\"elementor-widget-wrap elementor-element-populated\">\n\t\t\t\t\t\t<div class=\"elementor-element elementor-element-49d83bf elementor-widget elementor-widget-image\" data-id=\"49d83bf\" data-element_type=\"widget\" data-widget_type=\"image.default\">\n\t\t\t\t<div class=\"elementor-widget-container\">\n\t\t\t\t\t\t\t\t\t\t\t\t\t\t\t<img decoding=\"async\" width=\"800\" height=\"451\" src=\"https:\/\/canaanid.com\/wp-content\/uploads\/2022\/12\/IMG-20220711-WA0021-1024x577.jpg\" class=\"attachment-large size-large wp-image-1260\" alt=\"\" srcset=\"https:\/\/canaanid.com\/wp-content\/uploads\/2022\/12\/IMG-20220711-WA0021-1024x577.jpg 1024w, https:\/\/canaanid.com\/wp-content\/uploads\/2022\/12\/IMG-20220711-WA0021-300x169.jpg 300w, https:\/\/canaanid.com\/wp-content\/uploads\/2022\/12\/IMG-20220711-WA0021-768x432.jpg 768w, https:\/\/canaanid.com\/wp-content\/uploads\/2022\/12\/IMG-20220711-WA0021-1536x865.jpg 1536w, https:\/\/canaanid.com\/wp-content\/uploads\/2022\/12\/IMG-20220711-WA0021.jpg 1600w\" sizes=\"(max-width: 800px) 100vw, 800px\" \/>\t\t\t\t\t\t\t\t\t\t\t\t\t\t\t<\/div>\n\t\t\t\t<\/div>\n\t\t\t\t\t<\/div>\n\t\t<\/div>\n\t\t\t\t\t<\/div>\n\t\t<\/section>\n\t\t\t\t<section class=\"elementor-section elementor-top-section elementor-element elementor-element-89c9fb9 elementor-section-boxed elementor-section-height-default elementor-section-height-default\" data-id=\"89c9fb9\" data-element_type=\"section\">\n\t\t\t\t\t\t<div class=\"elementor-container elementor-column-gap-default\">\n\t\t\t\t\t<div class=\"elementor-column elementor-col-100 elementor-top-column elementor-element elementor-element-c0a08be\" data-id=\"c0a08be\" data-element_type=\"column\">\n\t\t\t<div class=\"elementor-widget-wrap elementor-element-populated\">\n\t\t\t\t\t\t<div class=\"elementor-element elementor-element-b34f5f1 elementor-widget elementor-widget-text-editor\" data-id=\"b34f5f1\" data-element_type=\"widget\" data-widget_type=\"text-editor.default\">\n\t\t\t\t<div class=\"elementor-widget-container\">\n\t\t\t\t\t\t\t\t\t<p>Forchronic, empresa participada mayoritariamente por Canaan y de la cual, la Universidad Aut\u00f3noma de Madrid (UAM) es socio fundador, ha finalizado con \u00e9xito un ensayo cl\u00ednico (NCT05080920) en 120 pacientes oncol\u00f3gicos (de mama, pulm\u00f3n y colon), en colaboraci\u00f3n con el Instituto IMDEA Alimentaci\u00f3n y el Hospital Infanta Sof\u00eda, para validar la eficacia de <strong>ONCOLIP<\/strong>, un nutrac\u00e9utico de precisi\u00f3n formulado a base de extracto supercr\u00edtico de romero y la tecnolog\u00eda de vehiculizaci\u00f3n lip\u00eddica (TVL) patentada de Forchronic.<\/p><p>\u00a0<\/p><p>Los resultados obtenidos en el ensayo, y presentados en la <em>\u201cReuni\u00f3n Cient\u00edfica del Consorcio ALIBIRD2020-CM\u201d<a href=\"#_ftn1\" name=\"_ftnref1\"><strong>[1]<\/strong><\/a> <\/em>el pasado mes de julio, han demostrado que la ingesta de <strong>ONCOLIP<\/strong>:<\/p><ul><li>Potencia la acci\u00f3n del sistema inmune innato (desarrollo de c\u00e9lulas inmunes con capacidad fagoc\u00edtica).<strong> ONCOLIP<\/strong> aumenta significativamente las poblaciones de linfocitos CD8+ y CD4+, en concordancia con lo observado en el estudio realizado en voluntarios sanos.<\/li><li>Tiene un efecto antiinflamatorio.<\/li><li>Tiene efecto inhibidor de ciertos marcadores tumorales.<\/li><li>Ayuda al mantenimiento de los linfocitos y a una ralentizaci\u00f3n del proceso tumoral.<\/li><\/ul><p>\u00a0<\/p><p>Dichos resultados ser\u00e1n publicados en revistas cient\u00edficas de m\u00e1ximo impacto y divulgados en congresos internacionales, como \u201c33rd International Conference on Nutraceuticals and Natural Medicine\u201d o \u201cVitafoods 2023\u201d.<\/p><p>\u00a0<\/p><p>La finalizaci\u00f3n de dicho ensayo y los resultados obtenidos han permitido que algunas farmac\u00e9uticas del sector se interesen en nuestro producto <strong>ONCOLIP<\/strong>, por lo que esperamos efectuar su licencia durante el pr\u00f3ximo a\u00f1o 2023.<\/p><p>Adem\u00e1s de este Nutrac\u00e9utico PREMIUM, en Forchronic vamos a comercializar en 2023 una amplia gama de nutrace\u00faticos de precisi\u00f3n para diferentes patolog\u00edas (cardiovascular, dolor, diabetes, control del peso, problemas digestivos, entre otros).<\/p><p><a href=\"#_ftnref1\" name=\"_ftn1\">[1]<\/a> <a href=\"https:\/\/alibird.org\/2020-CM\/reunion-cientifica-del-consorcio-alibird2020-cm\/\">https:\/\/alibird.org\/2020-CM\/reunion-cientifica-del-consorcio-alibird2020-cm\/<\/a><\/p><p><a href=\"https:\/\/www.food.imdea.org\/blog\/presentaci%C3%B3n-de-la-nueva-plataforma-de-salud-digital-m-health-alibird%C2%AE-para-mejorar-la-calidad\">https:\/\/www.food.imdea.org\/blog\/presentaci%C3%B3n-de-la-nueva-plataforma-de-salud-digital-m-health-alibird%C2%AE-para-mejorar-la-calidad<\/a><\/p>\t\t\t\t\t\t\t\t<\/div>\n\t\t\t\t<\/div>\n\t\t\t\t\t<\/div>\n\t\t<\/div>\n\t\t\t\t\t<\/div>\n\t\t<\/section>\n\t\t\t\t<\/div>\n\t\t","protected":false},"excerpt":{"rendered":"<p>Forchronic, empresa participada por Canaan Research and Investment, ha finalizado con \u00e9xito un ensayo cl\u00ednico en m\u00e1s de 100 pacientes oncol\u00f3gicos con ONCOLIP. Forchronic, empresa participada mayoritariamente por Canaan y de la cual, la Universidad Aut\u00f3noma de Madrid (UAM) es socio fundador, ha finalizado con \u00e9xito un ensayo cl\u00ednico (NCT05080920) en 120 pacientes oncol\u00f3gicos (de [&hellip;]<\/p>\n","protected":false},"author":2,"featured_media":0,"parent":0,"menu_order":0,"comment_status":"closed","ping_status":"closed","template":"","meta":{"footnotes":""},"class_list":["post-1264","page","type-page","status-publish","hentry"],"_links":{"self":[{"href":"https:\/\/canaanid.com\/index.php\/wp-json\/wp\/v2\/pages\/1264","targetHints":{"allow":["GET"]}}],"collection":[{"href":"https:\/\/canaanid.com\/index.php\/wp-json\/wp\/v2\/pages"}],"about":[{"href":"https:\/\/canaanid.com\/index.php\/wp-json\/wp\/v2\/types\/page"}],"author":[{"embeddable":true,"href":"https:\/\/canaanid.com\/index.php\/wp-json\/wp\/v2\/users\/2"}],"replies":[{"embeddable":true,"href":"https:\/\/canaanid.com\/index.php\/wp-json\/wp\/v2\/comments?post=1264"}],"version-history":[{"count":10,"href":"https:\/\/canaanid.com\/index.php\/wp-json\/wp\/v2\/pages\/1264\/revisions"}],"predecessor-version":[{"id":1276,"href":"https:\/\/canaanid.com\/index.php\/wp-json\/wp\/v2\/pages\/1264\/revisions\/1276"}],"wp:attachment":[{"href":"https:\/\/canaanid.com\/index.php\/wp-json\/wp\/v2\/media?parent=1264"}],"curies":[{"name":"wp","href":"https:\/\/api.w.org\/{rel}","templated":true}]}}